{"id":13992,"date":"2026-04-16T08:20:34","date_gmt":"2026-04-16T08:20:34","guid":{"rendered":"https:\/\/limunstudio.hr\/?post_type=product&#038;p=13992"},"modified":"2026-04-22T12:01:42","modified_gmt":"2026-04-22T12:01:42","slug":"poklon-set-dalmatinski","status":"publish","type":"product","link":"https:\/\/limunstudio.hr\/en\/product\/poklon-set-dalmatinski\/","title":{"rendered":"Poklon set \u2014 Dalmatinski"},"content":{"rendered":"","protected":false},"excerpt":{"rendered":"<p>Dalmatinski poklon set sadr\u017ei \u010darape \u201cDalmatinac sam\u201d, ru\u010dno ra\u0111eni Jadranski zeleni sapun te jedan porculanski ukras u obliku brodi\u0107a. Potrebno je odabrati mali ili veliki proculanski brodi\u0107. Idealan poklon za ro\u0111endane, blagdane, posebne prilike i pa\u017enju bez povoda.<\/p>","protected":false},"featured_media":13993,"template":"","meta":{"_seopress_robots_primary_cat":"none","_seopress_titles_title":"","_seopress_titles_desc":"","_seopress_robots_index":"","iawp_total_views":0},"product_brand":[358],"product_cat":[63,65],"product_tag":[],"class_list":{"0":"post-13992","1":"product","2":"type-product","3":"status-publish","4":"has-post-thumbnail","6":"product_brand-boya","7":"product_cat-poklon-setovi","8":"product_cat-pokloni","10":"first","11":"instock","12":"taxable","13":"shipping-taxable","14":"purchasable","15":"product-type-variable"},"_links":{"self":[{"href":"https:\/\/limunstudio.hr\/en\/wp-json\/wp\/v2\/product\/13992","targetHints":{"allow":["GET"]}}],"collection":[{"href":"https:\/\/limunstudio.hr\/en\/wp-json\/wp\/v2\/product"}],"about":[{"href":"https:\/\/limunstudio.hr\/en\/wp-json\/wp\/v2\/types\/product"}],"version-history":[{"count":2,"href":"https:\/\/limunstudio.hr\/en\/wp-json\/wp\/v2\/product\/13992\/revisions"}],"predecessor-version":[{"id":13997,"href":"https:\/\/limunstudio.hr\/en\/wp-json\/wp\/v2\/product\/13992\/revisions\/13997"}],"wp:featuredmedia":[{"embeddable":true,"href":"https:\/\/limunstudio.hr\/en\/wp-json\/wp\/v2\/media\/13993"}],"wp:attachment":[{"href":"https:\/\/limunstudio.hr\/en\/wp-json\/wp\/v2\/media?parent=13992"}],"wp:term":[{"taxonomy":"product_brand","embeddable":true,"href":"https:\/\/limunstudio.hr\/en\/wp-json\/wp\/v2\/product_brand?post=13992"},{"taxonomy":"product_cat","embeddable":true,"href":"https:\/\/limunstudio.hr\/en\/wp-json\/wp\/v2\/product_cat?post=13992"},{"taxonomy":"product_tag","embeddable":true,"href":"https:\/\/limunstudio.hr\/en\/wp-json\/wp\/v2\/product_tag?post=13992"}],"curies":[{"name":"wp","href":"https:\/\/api.w.org\/{rel}","templated":true}]}}