{"id":13989,"date":"2026-04-16T07:51:10","date_gmt":"2026-04-16T07:51:10","guid":{"rendered":"https:\/\/limunstudio.hr\/?post_type=product&#038;p=13989"},"modified":"2026-04-22T12:01:55","modified_gmt":"2026-04-22T12:01:55","slug":"poklon-set-zagreb-edition","status":"publish","type":"product","link":"https:\/\/limunstudio.hr\/en\/product\/poklon-set-zagreb-edition\/","title":{"rendered":"Poklon set \u2014 Zagreb Edition"},"content":{"rendered":"","protected":false},"excerpt":{"rendered":"<p>Zagreb Edition je urbani poklon set koji uklju\u010duje \u201cPurger\u201d \u010darape, majicu kratkih rukava s motivima Zagreba, akrilni pin zagreba\u010dkog sata te dozer za \u010daj s ru\u010dno ra\u0111enim kerami\u010dkim satom.<\/p>","protected":false},"featured_media":13990,"template":"","meta":{"_seopress_robots_primary_cat":"none","_seopress_titles_title":"","_seopress_titles_desc":"","_seopress_robots_index":"","iawp_total_views":0},"product_brand":[358],"product_cat":[63,65],"product_tag":[],"class_list":{"0":"post-13989","1":"product","2":"type-product","3":"status-publish","4":"has-post-thumbnail","6":"product_brand-boya","7":"product_cat-poklon-setovi","8":"product_cat-pokloni","10":"first","11":"instock","12":"taxable","13":"shipping-taxable","14":"purchasable","15":"product-type-simple"},"_links":{"self":[{"href":"https:\/\/limunstudio.hr\/en\/wp-json\/wp\/v2\/product\/13989","targetHints":{"allow":["GET"]}}],"collection":[{"href":"https:\/\/limunstudio.hr\/en\/wp-json\/wp\/v2\/product"}],"about":[{"href":"https:\/\/limunstudio.hr\/en\/wp-json\/wp\/v2\/types\/product"}],"version-history":[{"count":2,"href":"https:\/\/limunstudio.hr\/en\/wp-json\/wp\/v2\/product\/13989\/revisions"}],"predecessor-version":[{"id":13998,"href":"https:\/\/limunstudio.hr\/en\/wp-json\/wp\/v2\/product\/13989\/revisions\/13998"}],"wp:featuredmedia":[{"embeddable":true,"href":"https:\/\/limunstudio.hr\/en\/wp-json\/wp\/v2\/media\/13990"}],"wp:attachment":[{"href":"https:\/\/limunstudio.hr\/en\/wp-json\/wp\/v2\/media?parent=13989"}],"wp:term":[{"taxonomy":"product_brand","embeddable":true,"href":"https:\/\/limunstudio.hr\/en\/wp-json\/wp\/v2\/product_brand?post=13989"},{"taxonomy":"product_cat","embeddable":true,"href":"https:\/\/limunstudio.hr\/en\/wp-json\/wp\/v2\/product_cat?post=13989"},{"taxonomy":"product_tag","embeddable":true,"href":"https:\/\/limunstudio.hr\/en\/wp-json\/wp\/v2\/product_tag?post=13989"}],"curies":[{"name":"wp","href":"https:\/\/api.w.org\/{rel}","templated":true}]}}