{"id":13964,"date":"2026-04-15T17:22:40","date_gmt":"2026-04-15T17:22:40","guid":{"rendered":"https:\/\/limunstudio.hr\/?post_type=product&#038;p=13964"},"modified":"2026-04-22T06:33:05","modified_gmt":"2026-04-22T06:33:05","slug":"carape-plavi","status":"publish","type":"product","link":"https:\/\/limunstudio.hr\/en\/product\/carape-plavi\/","title":{"rendered":"\u010carape \u2014 Plavi"},"content":{"rendered":"","protected":false},"excerpt":{"rendered":"<p>Unisex \u010darape u dvije veli\u010dine, izra\u0111ene od udobne i izdr\u017eljive pamu\u010dne mje\u0161avine. Ove \u010darape donose odli\u010dan balans stila, udobnosti i kvalitete.\u00a0 Jednako dobro funkcioniraju u casual outfitu, sportskom looku ili kao modni dodatak tvojoj liniji proizvoda. Sastav materijala: 77\u202f% pamuk, 85\u202f% poliamid, 5\u202f% elastan.<\/p>","protected":false},"featured_media":13956,"template":"","meta":{"_seopress_robots_primary_cat":"none","_seopress_titles_title":"","_seopress_titles_desc":"","_seopress_robots_index":"","iawp_total_views":1},"product_brand":[416],"product_cat":[249,127,128],"product_tag":[],"class_list":{"0":"post-13964","1":"product","2":"type-product","3":"status-publish","4":"has-post-thumbnail","6":"product_brand-club-fanatico","7":"product_cat-carape","8":"product_cat-moda","9":"product_cat-odjeca","10":"pa_kolekcija-zagreb-line","12":"first","13":"instock","14":"taxable","15":"shipping-taxable","16":"purchasable","17":"product-type-variable"},"_links":{"self":[{"href":"https:\/\/limunstudio.hr\/en\/wp-json\/wp\/v2\/product\/13964","targetHints":{"allow":["GET"]}}],"collection":[{"href":"https:\/\/limunstudio.hr\/en\/wp-json\/wp\/v2\/product"}],"about":[{"href":"https:\/\/limunstudio.hr\/en\/wp-json\/wp\/v2\/types\/product"}],"version-history":[{"count":2,"href":"https:\/\/limunstudio.hr\/en\/wp-json\/wp\/v2\/product\/13964\/revisions"}],"predecessor-version":[{"id":13978,"href":"https:\/\/limunstudio.hr\/en\/wp-json\/wp\/v2\/product\/13964\/revisions\/13978"}],"wp:featuredmedia":[{"embeddable":true,"href":"https:\/\/limunstudio.hr\/en\/wp-json\/wp\/v2\/media\/13956"}],"wp:attachment":[{"href":"https:\/\/limunstudio.hr\/en\/wp-json\/wp\/v2\/media?parent=13964"}],"wp:term":[{"taxonomy":"product_brand","embeddable":true,"href":"https:\/\/limunstudio.hr\/en\/wp-json\/wp\/v2\/product_brand?post=13964"},{"taxonomy":"product_cat","embeddable":true,"href":"https:\/\/limunstudio.hr\/en\/wp-json\/wp\/v2\/product_cat?post=13964"},{"taxonomy":"product_tag","embeddable":true,"href":"https:\/\/limunstudio.hr\/en\/wp-json\/wp\/v2\/product_tag?post=13964"}],"curies":[{"name":"wp","href":"https:\/\/api.w.org\/{rel}","templated":true}]}}