{"id":13942,"date":"2026-04-13T14:44:51","date_gmt":"2026-04-13T14:44:51","guid":{"rendered":"https:\/\/limunstudio.hr\/?post_type=product&#038;p=13942"},"modified":"2026-04-16T09:47:47","modified_gmt":"2026-04-16T09:47:47","slug":"poklon-set-zadarline-m-l","status":"publish","type":"product","link":"https:\/\/limunstudio.hr\/en\/product\/poklon-set-zadarline-m-l\/","title":{"rendered":"Poklon set \u2014 ZadarLine M\/L"},"content":{"rendered":"","protected":false},"excerpt":{"rendered":"<p>Zadar Line poklon set inspiriran je zadarskim identitetom i arhitekturom. Sadr\u017ei tri ilustracije: Kalelargu, Peglicu i Kolonu. Prona\u0111ite svoje najdra\u017ee lokacije u Zadru i ponesite djeli\u0107 grada u svoj dom. Prodaje sve bez okvira.<br \/>\nDimezije malog seta jedne ilustracije su 18x24cm, a dimenzije velikog seta su 30x40cm.<\/p>","protected":false},"featured_media":10700,"template":"","meta":{"_seopress_robots_primary_cat":"none","_seopress_titles_title":"","_seopress_titles_desc":"","_seopress_robots_index":"","iawp_total_views":1},"product_brand":[358],"product_cat":[63,65],"product_tag":[],"class_list":{"0":"post-13942","1":"product","2":"type-product","3":"status-publish","4":"has-post-thumbnail","6":"product_brand-boya","7":"product_cat-poklon-setovi","8":"product_cat-pokloni","10":"first","11":"instock","12":"taxable","13":"shipping-taxable","14":"purchasable","15":"product-type-variable"},"_links":{"self":[{"href":"https:\/\/limunstudio.hr\/en\/wp-json\/wp\/v2\/product\/13942","targetHints":{"allow":["GET"]}}],"collection":[{"href":"https:\/\/limunstudio.hr\/en\/wp-json\/wp\/v2\/product"}],"about":[{"href":"https:\/\/limunstudio.hr\/en\/wp-json\/wp\/v2\/types\/product"}],"version-history":[{"count":2,"href":"https:\/\/limunstudio.hr\/en\/wp-json\/wp\/v2\/product\/13942\/revisions"}],"predecessor-version":[{"id":14000,"href":"https:\/\/limunstudio.hr\/en\/wp-json\/wp\/v2\/product\/13942\/revisions\/14000"}],"wp:featuredmedia":[{"embeddable":true,"href":"https:\/\/limunstudio.hr\/en\/wp-json\/wp\/v2\/media\/10700"}],"wp:attachment":[{"href":"https:\/\/limunstudio.hr\/en\/wp-json\/wp\/v2\/media?parent=13942"}],"wp:term":[{"taxonomy":"product_brand","embeddable":true,"href":"https:\/\/limunstudio.hr\/en\/wp-json\/wp\/v2\/product_brand?post=13942"},{"taxonomy":"product_cat","embeddable":true,"href":"https:\/\/limunstudio.hr\/en\/wp-json\/wp\/v2\/product_cat?post=13942"},{"taxonomy":"product_tag","embeddable":true,"href":"https:\/\/limunstudio.hr\/en\/wp-json\/wp\/v2\/product_tag?post=13942"}],"curies":[{"name":"wp","href":"https:\/\/api.w.org\/{rel}","templated":true}]}}