{"id":13939,"date":"2026-04-13T14:41:58","date_gmt":"2026-04-13T14:41:58","guid":{"rendered":"https:\/\/limunstudio.hr\/?post_type=product&#038;p=13939"},"modified":"2026-04-16T09:49:23","modified_gmt":"2026-04-16T09:49:23","slug":"poklon-set-beewood","status":"publish","type":"product","link":"https:\/\/limunstudio.hr\/en\/product\/poklon-set-beewood\/","title":{"rendered":"Poklon set \u2014 BeeWood"},"content":{"rendered":"","protected":false},"excerpt":{"rendered":"<p>BeeWood poklon set spaja prirodu i funkcionalnost u kuhinji. Uklju\u010duje drvenu dasku od punog oraha, p\u010delinji vosak za omatanje hrane te kremu za njegu i za\u0161titu drvenih kuhinjskih dasaka. Ovaj set je odr\u017eiv, prakti\u010dan i osmi\u0161ljen za ljubitelje prirodnih materijala i zero-waste pristupa.<\/p>","protected":false},"featured_media":13940,"template":"","meta":{"_seopress_robots_primary_cat":"none","_seopress_titles_title":"","_seopress_titles_desc":"","_seopress_robots_index":"","iawp_total_views":0},"product_brand":[358],"product_cat":[63,65],"product_tag":[],"class_list":{"0":"post-13939","1":"product","2":"type-product","3":"status-publish","4":"has-post-thumbnail","6":"product_brand-boya","7":"product_cat-poklon-setovi","8":"product_cat-pokloni","10":"first","11":"instock","12":"taxable","13":"shipping-taxable","14":"purchasable","15":"product-type-simple"},"_links":{"self":[{"href":"https:\/\/limunstudio.hr\/en\/wp-json\/wp\/v2\/product\/13939","targetHints":{"allow":["GET"]}}],"collection":[{"href":"https:\/\/limunstudio.hr\/en\/wp-json\/wp\/v2\/product"}],"about":[{"href":"https:\/\/limunstudio.hr\/en\/wp-json\/wp\/v2\/types\/product"}],"version-history":[{"count":3,"href":"https:\/\/limunstudio.hr\/en\/wp-json\/wp\/v2\/product\/13939\/revisions"}],"predecessor-version":[{"id":14002,"href":"https:\/\/limunstudio.hr\/en\/wp-json\/wp\/v2\/product\/13939\/revisions\/14002"}],"wp:featuredmedia":[{"embeddable":true,"href":"https:\/\/limunstudio.hr\/en\/wp-json\/wp\/v2\/media\/13940"}],"wp:attachment":[{"href":"https:\/\/limunstudio.hr\/en\/wp-json\/wp\/v2\/media?parent=13939"}],"wp:term":[{"taxonomy":"product_brand","embeddable":true,"href":"https:\/\/limunstudio.hr\/en\/wp-json\/wp\/v2\/product_brand?post=13939"},{"taxonomy":"product_cat","embeddable":true,"href":"https:\/\/limunstudio.hr\/en\/wp-json\/wp\/v2\/product_cat?post=13939"},{"taxonomy":"product_tag","embeddable":true,"href":"https:\/\/limunstudio.hr\/en\/wp-json\/wp\/v2\/product_tag?post=13939"}],"curies":[{"name":"wp","href":"https:\/\/api.w.org\/{rel}","templated":true}]}}