{"id":13936,"date":"2026-04-13T14:27:11","date_gmt":"2026-04-13T14:27:11","guid":{"rendered":"https:\/\/limunstudio.hr\/?post_type=product&#038;p=13936"},"modified":"2026-04-16T10:00:49","modified_gmt":"2026-04-16T10:00:49","slug":"poklon-set-standard","status":"publish","type":"product","link":"https:\/\/limunstudio.hr\/en\/product\/poklon-set-standard\/","title":{"rendered":"Poklon set \u2014 Standard"},"content":{"rendered":"","protected":false},"excerpt":{"rendered":"<p>Standard poklon set osmi\u0161ljen je kao mali ritual opu\u0161tanja i topline u domu. Uklju\u010duje malu aroma lampu, mirisni vosak za aromalampu te malu drvenu zdjelu za salatu, ora\u0161aste plodove i sli\u010dno.<\/p>","protected":false},"featured_media":13937,"template":"","meta":{"_seopress_robots_primary_cat":"none","_seopress_titles_title":"","_seopress_titles_desc":"","_seopress_robots_index":"","iawp_total_views":2},"product_brand":[358],"product_cat":[63,65],"product_tag":[],"class_list":{"0":"post-13936","1":"product","2":"type-product","3":"status-publish","4":"has-post-thumbnail","6":"product_brand-boya","7":"product_cat-poklon-setovi","8":"product_cat-pokloni","10":"first","11":"instock","12":"taxable","13":"shipping-taxable","14":"purchasable","15":"product-type-simple"},"_links":{"self":[{"href":"https:\/\/limunstudio.hr\/en\/wp-json\/wp\/v2\/product\/13936","targetHints":{"allow":["GET"]}}],"collection":[{"href":"https:\/\/limunstudio.hr\/en\/wp-json\/wp\/v2\/product"}],"about":[{"href":"https:\/\/limunstudio.hr\/en\/wp-json\/wp\/v2\/types\/product"}],"version-history":[{"count":2,"href":"https:\/\/limunstudio.hr\/en\/wp-json\/wp\/v2\/product\/13936\/revisions"}],"predecessor-version":[{"id":14003,"href":"https:\/\/limunstudio.hr\/en\/wp-json\/wp\/v2\/product\/13936\/revisions\/14003"}],"wp:featuredmedia":[{"embeddable":true,"href":"https:\/\/limunstudio.hr\/en\/wp-json\/wp\/v2\/media\/13937"}],"wp:attachment":[{"href":"https:\/\/limunstudio.hr\/en\/wp-json\/wp\/v2\/media?parent=13936"}],"wp:term":[{"taxonomy":"product_brand","embeddable":true,"href":"https:\/\/limunstudio.hr\/en\/wp-json\/wp\/v2\/product_brand?post=13936"},{"taxonomy":"product_cat","embeddable":true,"href":"https:\/\/limunstudio.hr\/en\/wp-json\/wp\/v2\/product_cat?post=13936"},{"taxonomy":"product_tag","embeddable":true,"href":"https:\/\/limunstudio.hr\/en\/wp-json\/wp\/v2\/product_tag?post=13936"}],"curies":[{"name":"wp","href":"https:\/\/api.w.org\/{rel}","templated":true}]}}