{"id":13932,"date":"2026-04-13T14:16:31","date_gmt":"2026-04-13T14:16:31","guid":{"rendered":"https:\/\/limunstudio.hr\/?post_type=product&#038;p=13932"},"modified":"2026-04-13T14:17:19","modified_gmt":"2026-04-13T14:17:19","slug":"poklon-set-4-male-reprodukcije","status":"publish","type":"product","link":"https:\/\/limunstudio.hr\/en\/product\/poklon-set-4-male-reprodukcije\/","title":{"rendered":"Poklon set \u2014 4 male reprodukcije"},"content":{"rendered":"","protected":false},"excerpt":{"rendered":"<p>Poklon set sadr\u017ei 1x bookmark na ma\u010dke, 2x naljepnice na ma\u010dke i 1x tote torbu s macom u \u0161etnji. Dostupna je tote torba\u00a0 u crnoj boji i prilikom kupnje odaberite samo crni ili natural set.<\/p>","protected":false},"featured_media":13934,"template":"","meta":{"_seopress_robots_primary_cat":"none","_seopress_titles_title":"","_seopress_titles_desc":"","_seopress_robots_index":"","iawp_total_views":1},"product_brand":[358],"product_cat":[63,65],"product_tag":[],"class_list":{"0":"post-13932","1":"product","2":"type-product","3":"status-publish","4":"has-post-thumbnail","6":"product_brand-boya","7":"product_cat-poklon-setovi","8":"product_cat-pokloni","10":"first","11":"instock","12":"taxable","13":"shipping-taxable","14":"purchasable","15":"product-type-simple"},"_links":{"self":[{"href":"https:\/\/limunstudio.hr\/en\/wp-json\/wp\/v2\/product\/13932","targetHints":{"allow":["GET"]}}],"collection":[{"href":"https:\/\/limunstudio.hr\/en\/wp-json\/wp\/v2\/product"}],"about":[{"href":"https:\/\/limunstudio.hr\/en\/wp-json\/wp\/v2\/types\/product"}],"version-history":[{"count":1,"href":"https:\/\/limunstudio.hr\/en\/wp-json\/wp\/v2\/product\/13932\/revisions"}],"predecessor-version":[{"id":13935,"href":"https:\/\/limunstudio.hr\/en\/wp-json\/wp\/v2\/product\/13932\/revisions\/13935"}],"wp:featuredmedia":[{"embeddable":true,"href":"https:\/\/limunstudio.hr\/en\/wp-json\/wp\/v2\/media\/13934"}],"wp:attachment":[{"href":"https:\/\/limunstudio.hr\/en\/wp-json\/wp\/v2\/media?parent=13932"}],"wp:term":[{"taxonomy":"product_brand","embeddable":true,"href":"https:\/\/limunstudio.hr\/en\/wp-json\/wp\/v2\/product_brand?post=13932"},{"taxonomy":"product_cat","embeddable":true,"href":"https:\/\/limunstudio.hr\/en\/wp-json\/wp\/v2\/product_cat?post=13932"},{"taxonomy":"product_tag","embeddable":true,"href":"https:\/\/limunstudio.hr\/en\/wp-json\/wp\/v2\/product_tag?post=13932"}],"curies":[{"name":"wp","href":"https:\/\/api.w.org\/{rel}","templated":true}]}}