{"id":13929,"date":"2026-04-13T14:07:15","date_gmt":"2026-04-13T14:07:15","guid":{"rendered":"https:\/\/limunstudio.hr\/?post_type=product&#038;p=13929"},"modified":"2026-04-16T10:05:07","modified_gmt":"2026-04-16T10:05:07","slug":"poklon-set-tea-time","status":"publish","type":"product","link":"https:\/\/limunstudio.hr\/en\/product\/poklon-set-tea-time\/","title":{"rendered":"Poklon set \u2014 Tea time"},"content":{"rendered":"","protected":false},"excerpt":{"rendered":"<p>Tea Time poklon set posve\u0107en je ritmu dana i malim pauzama koje \u010dine razliku. Sadr\u017ei dvije ru\u010dno ra\u0111ene \u0161alice te dva dozera za \u010daj \u2013 jedan inspiriran zagreba\u010dkim satom, a drugi licitarskim srcem.<\/p>","protected":false},"featured_media":13930,"template":"","meta":{"_seopress_robots_primary_cat":"none","_seopress_titles_title":"","_seopress_titles_desc":"","_seopress_robots_index":"","iawp_total_views":3},"product_brand":[358],"product_cat":[63,65],"product_tag":[],"class_list":{"0":"post-13929","1":"product","2":"type-product","3":"status-publish","4":"has-post-thumbnail","6":"product_brand-boya","7":"product_cat-poklon-setovi","8":"product_cat-pokloni","10":"first","11":"instock","12":"taxable","13":"shipping-taxable","14":"purchasable","15":"product-type-simple"},"_links":{"self":[{"href":"https:\/\/limunstudio.hr\/en\/wp-json\/wp\/v2\/product\/13929","targetHints":{"allow":["GET"]}}],"collection":[{"href":"https:\/\/limunstudio.hr\/en\/wp-json\/wp\/v2\/product"}],"about":[{"href":"https:\/\/limunstudio.hr\/en\/wp-json\/wp\/v2\/types\/product"}],"version-history":[{"count":3,"href":"https:\/\/limunstudio.hr\/en\/wp-json\/wp\/v2\/product\/13929\/revisions"}],"predecessor-version":[{"id":14004,"href":"https:\/\/limunstudio.hr\/en\/wp-json\/wp\/v2\/product\/13929\/revisions\/14004"}],"wp:featuredmedia":[{"embeddable":true,"href":"https:\/\/limunstudio.hr\/en\/wp-json\/wp\/v2\/media\/13930"}],"wp:attachment":[{"href":"https:\/\/limunstudio.hr\/en\/wp-json\/wp\/v2\/media?parent=13929"}],"wp:term":[{"taxonomy":"product_brand","embeddable":true,"href":"https:\/\/limunstudio.hr\/en\/wp-json\/wp\/v2\/product_brand?post=13929"},{"taxonomy":"product_cat","embeddable":true,"href":"https:\/\/limunstudio.hr\/en\/wp-json\/wp\/v2\/product_cat?post=13929"},{"taxonomy":"product_tag","embeddable":true,"href":"https:\/\/limunstudio.hr\/en\/wp-json\/wp\/v2\/product_tag?post=13929"}],"curies":[{"name":"wp","href":"https:\/\/api.w.org\/{rel}","templated":true}]}}