{"id":13925,"date":"2026-04-13T10:25:17","date_gmt":"2026-04-13T10:25:17","guid":{"rendered":"https:\/\/limunstudio.hr\/?post_type=product&#038;p=13925"},"modified":"2026-04-16T10:06:08","modified_gmt":"2026-04-16T10:06:08","slug":"poklon-set-1","status":"publish","type":"product","link":"https:\/\/limunstudio.hr\/en\/product\/poklon-set-1\/","title":{"rendered":"Poklon set \u2014 Basic"},"content":{"rendered":"","protected":false},"excerpt":{"rendered":"<p>Basic poklon set spaja jednostavnost, prirodne materijale i funkcionalnost. Uklju\u010duje malu espresso \u0161alicu, bra\u010dki bijeli sapun na u\u017eetu, inspiriran kamenom s otoka Bra\u010da, te omot od p\u010delinjeg voska za\u00a0 pakiranje hrane poput vo\u0107a ili sendvi\u010da. Minimalisti\u010dki, prakti\u010dan i prirodno usmjeren set za svakodnevnu upotrebu.<\/p>","protected":false},"featured_media":13926,"template":"","meta":{"_seopress_robots_primary_cat":"none","_seopress_titles_title":"","_seopress_titles_desc":"","_seopress_robots_index":"","iawp_total_views":1},"product_brand":[358],"product_cat":[63,65],"product_tag":[],"class_list":{"0":"post-13925","1":"product","2":"type-product","3":"status-publish","4":"has-post-thumbnail","6":"product_brand-boya","7":"product_cat-poklon-setovi","8":"product_cat-pokloni","10":"first","11":"instock","12":"taxable","13":"shipping-taxable","14":"purchasable","15":"product-type-simple"},"_links":{"self":[{"href":"https:\/\/limunstudio.hr\/en\/wp-json\/wp\/v2\/product\/13925","targetHints":{"allow":["GET"]}}],"collection":[{"href":"https:\/\/limunstudio.hr\/en\/wp-json\/wp\/v2\/product"}],"about":[{"href":"https:\/\/limunstudio.hr\/en\/wp-json\/wp\/v2\/types\/product"}],"version-history":[{"count":3,"href":"https:\/\/limunstudio.hr\/en\/wp-json\/wp\/v2\/product\/13925\/revisions"}],"predecessor-version":[{"id":14005,"href":"https:\/\/limunstudio.hr\/en\/wp-json\/wp\/v2\/product\/13925\/revisions\/14005"}],"wp:featuredmedia":[{"embeddable":true,"href":"https:\/\/limunstudio.hr\/en\/wp-json\/wp\/v2\/media\/13926"}],"wp:attachment":[{"href":"https:\/\/limunstudio.hr\/en\/wp-json\/wp\/v2\/media?parent=13925"}],"wp:term":[{"taxonomy":"product_brand","embeddable":true,"href":"https:\/\/limunstudio.hr\/en\/wp-json\/wp\/v2\/product_brand?post=13925"},{"taxonomy":"product_cat","embeddable":true,"href":"https:\/\/limunstudio.hr\/en\/wp-json\/wp\/v2\/product_cat?post=13925"},{"taxonomy":"product_tag","embeddable":true,"href":"https:\/\/limunstudio.hr\/en\/wp-json\/wp\/v2\/product_tag?post=13925"}],"curies":[{"name":"wp","href":"https:\/\/api.w.org\/{rel}","templated":true}]}}