{"id":13919,"date":"2026-04-13T08:27:38","date_gmt":"2026-04-13T08:27:38","guid":{"rendered":"https:\/\/limunstudio.hr\/?post_type=product&#038;p=13919"},"modified":"2026-04-16T10:34:41","modified_gmt":"2026-04-16T10:34:41","slug":"poklon-set-mjau-box-deluxe","status":"publish","type":"product","link":"https:\/\/limunstudio.hr\/en\/product\/poklon-set-mjau-box-deluxe\/","title":{"rendered":"Poklon set \u2014 Mjau Box Premium"},"content":{"rendered":"","protected":false},"excerpt":{"rendered":"<p>Poklon set sadr\u017ei malu lutku s motivom ma\u010dke, ru\u010dno ra\u0111eni stakleni bro\u0161 te jednu naljepnicu. Idealan poklon za ro\u0111endane, blagdane, i posebne prilike.<\/p>","protected":false},"featured_media":13920,"template":"","meta":{"_seopress_robots_primary_cat":"none","_seopress_titles_title":"","_seopress_titles_desc":"","_seopress_robots_index":"","iawp_total_views":1},"product_brand":[358],"product_cat":[63,65],"product_tag":[],"class_list":{"0":"post-13919","1":"product","2":"type-product","3":"status-publish","4":"has-post-thumbnail","6":"product_brand-boya","7":"product_cat-poklon-setovi","8":"product_cat-pokloni","10":"first","11":"instock","12":"taxable","13":"shipping-taxable","14":"purchasable","15":"product-type-simple"},"_links":{"self":[{"href":"https:\/\/limunstudio.hr\/en\/wp-json\/wp\/v2\/product\/13919","targetHints":{"allow":["GET"]}}],"collection":[{"href":"https:\/\/limunstudio.hr\/en\/wp-json\/wp\/v2\/product"}],"about":[{"href":"https:\/\/limunstudio.hr\/en\/wp-json\/wp\/v2\/types\/product"}],"version-history":[{"count":3,"href":"https:\/\/limunstudio.hr\/en\/wp-json\/wp\/v2\/product\/13919\/revisions"}],"predecessor-version":[{"id":14011,"href":"https:\/\/limunstudio.hr\/en\/wp-json\/wp\/v2\/product\/13919\/revisions\/14011"}],"wp:featuredmedia":[{"embeddable":true,"href":"https:\/\/limunstudio.hr\/en\/wp-json\/wp\/v2\/media\/13920"}],"wp:attachment":[{"href":"https:\/\/limunstudio.hr\/en\/wp-json\/wp\/v2\/media?parent=13919"}],"wp:term":[{"taxonomy":"product_brand","embeddable":true,"href":"https:\/\/limunstudio.hr\/en\/wp-json\/wp\/v2\/product_brand?post=13919"},{"taxonomy":"product_cat","embeddable":true,"href":"https:\/\/limunstudio.hr\/en\/wp-json\/wp\/v2\/product_cat?post=13919"},{"taxonomy":"product_tag","embeddable":true,"href":"https:\/\/limunstudio.hr\/en\/wp-json\/wp\/v2\/product_tag?post=13919"}],"curies":[{"name":"wp","href":"https:\/\/api.w.org\/{rel}","templated":true}]}}