{"id":13906,"date":"2026-04-12T19:47:14","date_gmt":"2026-04-12T19:47:14","guid":{"rendered":"https:\/\/limunstudio.hr\/?post_type=product&#038;p=13906"},"modified":"2026-04-16T10:31:39","modified_gmt":"2026-04-16T10:31:39","slug":"poklon-set-macka-fan","status":"publish","type":"product","link":"https:\/\/limunstudio.hr\/en\/product\/poklon-set-macka-fan\/","title":{"rendered":"Poklon set \u2014 Mjau Box"},"content":{"rendered":"","protected":false},"excerpt":{"rendered":"<p data-start=\"656\" data-end=\"932\">Mjau Box poklon set za sve ljubitalje ma\u010dki uklju\u010duje tote torbu s ilustracijom ma\u010dke u \u0161etnji, dvije razli\u010dite naljepnice i jedan bookmark.<\/p>","protected":false},"featured_media":13907,"template":"","meta":{"_seopress_robots_primary_cat":"none","_seopress_titles_title":"","_seopress_titles_desc":"","_seopress_robots_index":"","iawp_total_views":0},"product_brand":[358],"product_cat":[63,65],"product_tag":[],"class_list":{"0":"post-13906","1":"product","2":"type-product","3":"status-publish","4":"has-post-thumbnail","6":"product_brand-boya","7":"product_cat-poklon-setovi","8":"product_cat-pokloni","10":"first","11":"instock","12":"taxable","13":"shipping-taxable","14":"purchasable","15":"product-type-simple"},"_links":{"self":[{"href":"https:\/\/limunstudio.hr\/en\/wp-json\/wp\/v2\/product\/13906","targetHints":{"allow":["GET"]}}],"collection":[{"href":"https:\/\/limunstudio.hr\/en\/wp-json\/wp\/v2\/product"}],"about":[{"href":"https:\/\/limunstudio.hr\/en\/wp-json\/wp\/v2\/types\/product"}],"version-history":[{"count":4,"href":"https:\/\/limunstudio.hr\/en\/wp-json\/wp\/v2\/product\/13906\/revisions"}],"predecessor-version":[{"id":14008,"href":"https:\/\/limunstudio.hr\/en\/wp-json\/wp\/v2\/product\/13906\/revisions\/14008"}],"wp:featuredmedia":[{"embeddable":true,"href":"https:\/\/limunstudio.hr\/en\/wp-json\/wp\/v2\/media\/13907"}],"wp:attachment":[{"href":"https:\/\/limunstudio.hr\/en\/wp-json\/wp\/v2\/media?parent=13906"}],"wp:term":[{"taxonomy":"product_brand","embeddable":true,"href":"https:\/\/limunstudio.hr\/en\/wp-json\/wp\/v2\/product_brand?post=13906"},{"taxonomy":"product_cat","embeddable":true,"href":"https:\/\/limunstudio.hr\/en\/wp-json\/wp\/v2\/product_cat?post=13906"},{"taxonomy":"product_tag","embeddable":true,"href":"https:\/\/limunstudio.hr\/en\/wp-json\/wp\/v2\/product_tag?post=13906"}],"curies":[{"name":"wp","href":"https:\/\/api.w.org\/{rel}","templated":true}]}}