{"id":13901,"date":"2026-04-12T19:28:56","date_gmt":"2026-04-12T19:28:56","guid":{"rendered":"https:\/\/limunstudio.hr\/?post_type=product&#038;p=13901"},"modified":"2026-04-16T10:06:41","modified_gmt":"2026-04-16T10:06:41","slug":"poklon-set-za-parove-i-prijatelje-tko-vice-a-tko-suti","status":"publish","type":"product","link":"https:\/\/limunstudio.hr\/en\/product\/poklon-set-za-parove-i-prijatelje-tko-vice-a-tko-suti\/","title":{"rendered":"Poklon set za parove i prijatelje \u2014 TKO VI\u010cE, a tko \u0161uti"},"content":{"rendered":"","protected":false},"excerpt":{"rendered":"<p>Ovaj poklon set inspiriran je odnosima, komunikacijom i malim \u017eivotnim ulogama koje svi dijelimo. Ilustracija prikazuje dva galeba \u2013 jedan koji \u201cvi\u010de\u201d i drugi koji \u201c\u0161uti\u201d \u2013 kao duhovitu metaforu odnosa u paru ili prijateljstvu. Set je idealan za godi\u0161njice, bliska prijateljstva i sve one odnose u kojima se prepoznaje tko vodi rije\u010d, a tko slu\u0161a.<\/p>","protected":false},"featured_media":13904,"template":"","meta":{"_seopress_robots_primary_cat":"none","_seopress_titles_title":"","_seopress_titles_desc":"","_seopress_robots_index":"","iawp_total_views":2},"product_brand":[358],"product_cat":[63,65],"product_tag":[],"class_list":{"0":"post-13901","1":"product","2":"type-product","3":"status-publish","4":"has-post-thumbnail","6":"product_brand-boya","7":"product_cat-poklon-setovi","8":"product_cat-pokloni","10":"first","11":"instock","12":"taxable","13":"shipping-taxable","14":"purchasable","15":"product-type-simple"},"_links":{"self":[{"href":"https:\/\/limunstudio.hr\/en\/wp-json\/wp\/v2\/product\/13901","targetHints":{"allow":["GET"]}}],"collection":[{"href":"https:\/\/limunstudio.hr\/en\/wp-json\/wp\/v2\/product"}],"about":[{"href":"https:\/\/limunstudio.hr\/en\/wp-json\/wp\/v2\/types\/product"}],"version-history":[{"count":4,"href":"https:\/\/limunstudio.hr\/en\/wp-json\/wp\/v2\/product\/13901\/revisions"}],"predecessor-version":[{"id":14006,"href":"https:\/\/limunstudio.hr\/en\/wp-json\/wp\/v2\/product\/13901\/revisions\/14006"}],"wp:featuredmedia":[{"embeddable":true,"href":"https:\/\/limunstudio.hr\/en\/wp-json\/wp\/v2\/media\/13904"}],"wp:attachment":[{"href":"https:\/\/limunstudio.hr\/en\/wp-json\/wp\/v2\/media?parent=13901"}],"wp:term":[{"taxonomy":"product_brand","embeddable":true,"href":"https:\/\/limunstudio.hr\/en\/wp-json\/wp\/v2\/product_brand?post=13901"},{"taxonomy":"product_cat","embeddable":true,"href":"https:\/\/limunstudio.hr\/en\/wp-json\/wp\/v2\/product_cat?post=13901"},{"taxonomy":"product_tag","embeddable":true,"href":"https:\/\/limunstudio.hr\/en\/wp-json\/wp\/v2\/product_tag?post=13901"}],"curies":[{"name":"wp","href":"https:\/\/api.w.org\/{rel}","templated":true}]}}