{"id":13766,"date":"2026-04-11T21:11:07","date_gmt":"2026-04-11T21:11:07","guid":{"rendered":"https:\/\/limunstudio.hr\/?post_type=product&#038;p=13766"},"modified":"2026-04-16T10:29:49","modified_gmt":"2026-04-16T10:29:49","slug":"poklon-set-za-crtanje-mini","status":"publish","type":"product","link":"https:\/\/limunstudio.hr\/en\/product\/poklon-set-za-crtanje-mini\/","title":{"rendered":"Poklon set za crtanje \u2014 Mini Box"},"content":{"rendered":"","protected":false},"excerpt":{"rendered":"<p data-start=\"185\" data-end=\"617\">Mini Box je kreativni poklon set sadr\u017ei dvije \u0161arene bojice (multicolor pastelu) i set od 4 ru\u010dno izra\u0111ene pastele u bojama zelene, naran\u010daste, plave i ljubi\u010daste. Pastele su \u010dvrsti, ne ostavljaju boje po rukama, omogu\u0107uju razli\u010dite tehnike sjen\u010danja i lak\u0161e postizanje vizualnog efekta u odnosu na klasi\u010dne pastele.<\/p>","protected":false},"featured_media":13774,"template":"","meta":{"_seopress_robots_primary_cat":"none","_seopress_titles_title":"","_seopress_titles_desc":"","_seopress_robots_index":"","iawp_total_views":0},"product_brand":[358],"product_cat":[63,65],"product_tag":[],"class_list":{"0":"post-13766","1":"product","2":"type-product","3":"status-publish","4":"has-post-thumbnail","6":"product_brand-boya","7":"product_cat-poklon-setovi","8":"product_cat-pokloni","10":"first","11":"instock","12":"taxable","13":"shipping-taxable","14":"purchasable","15":"product-type-simple"},"_links":{"self":[{"href":"https:\/\/limunstudio.hr\/en\/wp-json\/wp\/v2\/product\/13766","targetHints":{"allow":["GET"]}}],"collection":[{"href":"https:\/\/limunstudio.hr\/en\/wp-json\/wp\/v2\/product"}],"about":[{"href":"https:\/\/limunstudio.hr\/en\/wp-json\/wp\/v2\/types\/product"}],"version-history":[{"count":3,"href":"https:\/\/limunstudio.hr\/en\/wp-json\/wp\/v2\/product\/13766\/revisions"}],"predecessor-version":[{"id":14007,"href":"https:\/\/limunstudio.hr\/en\/wp-json\/wp\/v2\/product\/13766\/revisions\/14007"}],"wp:featuredmedia":[{"embeddable":true,"href":"https:\/\/limunstudio.hr\/en\/wp-json\/wp\/v2\/media\/13774"}],"wp:attachment":[{"href":"https:\/\/limunstudio.hr\/en\/wp-json\/wp\/v2\/media?parent=13766"}],"wp:term":[{"taxonomy":"product_brand","embeddable":true,"href":"https:\/\/limunstudio.hr\/en\/wp-json\/wp\/v2\/product_brand?post=13766"},{"taxonomy":"product_cat","embeddable":true,"href":"https:\/\/limunstudio.hr\/en\/wp-json\/wp\/v2\/product_cat?post=13766"},{"taxonomy":"product_tag","embeddable":true,"href":"https:\/\/limunstudio.hr\/en\/wp-json\/wp\/v2\/product_tag?post=13766"}],"curies":[{"name":"wp","href":"https:\/\/api.w.org\/{rel}","templated":true}]}}