{"id":13761,"date":"2026-04-11T20:40:07","date_gmt":"2026-04-11T20:40:07","guid":{"rendered":"https:\/\/limunstudio.hr\/?post_type=product&#038;p=13761"},"modified":"2026-04-21T17:54:12","modified_gmt":"2026-04-21T17:54:12","slug":"kako-magazin-8-izdanje-hrana","status":"publish","type":"product","link":"https:\/\/limunstudio.hr\/en\/product\/kako-magazin-8-izdanje-hrana\/","title":{"rendered":"KAKO magazin \u2014 8. izdanje HRANA"},"content":{"rendered":"<p>Osmi broj K\u00e0ko magazina okuplja nas oko kuhinjskog stola i servira nam neobi\u010dan slijed dobro poznatih, ali i za\u010dudnih okusa, jela i obi\u010daja. Od fenomena balkanske pekare do pa\u0161tete od ljudske posteljice, pri\u010de nam otkrivaju i drugu stranu na\u0161e prve hrane, bazi\u010dnih sastojaka poput vode te nevjerojatnu povijest ananasa. U omiljenim jelima iz djetinjstva potra\u017eili smo smisao i poku\u0161ali saznati kako nam rije\u010di i metafore koje svakodnevno koristimo poma\u017eu probaviti svijet u kojem \u017eivimo. Neke \u0107e vam pri\u010de zagolicati nepce, neke okrenuti \u017eeludac, ali svaka \u0107e vas zadr\u017eati za stolom dok je ne pro\u017eva\u010dete do kraja.<\/p>","protected":false},"excerpt":{"rendered":"<p>K\u00e0ko je hrvatski nezavisni magazin bez oglasa koji se financira isklju\u010divo od prodaje tiskanog izdanja. Svaki broj donosi bezvremensku pri\u010du koja nije vezana za prethodni broj. Sadr\u017eaj magazina \u010dine kvalitetne pri\u010de o kreativnim pojedincima, \u010duvarima tradicije, kvalitetnom \u017eivljenju, za\u010dudnim mjestima i dru\u0161tvenim fenomenima. Vi\u0161e u opisu o 8.izdanju.<\/p>","protected":false},"featured_media":13950,"template":"","meta":{"_seopress_robots_primary_cat":"none","_seopress_titles_title":"","_seopress_titles_desc":"","_seopress_robots_index":"","iawp_total_views":3},"product_brand":[370],"product_cat":[150,203],"product_tag":[],"class_list":{"0":"post-13761","1":"product","2":"type-product","3":"status-publish","4":"has-post-thumbnail","6":"product_brand-kako","7":"product_cat-knjige-i-magazini","8":"product_cat-magazini","10":"first","11":"instock","12":"taxable","13":"shipping-taxable","14":"purchasable","15":"product-type-simple"},"_links":{"self":[{"href":"https:\/\/limunstudio.hr\/en\/wp-json\/wp\/v2\/product\/13761","targetHints":{"allow":["GET"]}}],"collection":[{"href":"https:\/\/limunstudio.hr\/en\/wp-json\/wp\/v2\/product"}],"about":[{"href":"https:\/\/limunstudio.hr\/en\/wp-json\/wp\/v2\/types\/product"}],"version-history":[{"count":2,"href":"https:\/\/limunstudio.hr\/en\/wp-json\/wp\/v2\/product\/13761\/revisions"}],"predecessor-version":[{"id":13951,"href":"https:\/\/limunstudio.hr\/en\/wp-json\/wp\/v2\/product\/13761\/revisions\/13951"}],"wp:featuredmedia":[{"embeddable":true,"href":"https:\/\/limunstudio.hr\/en\/wp-json\/wp\/v2\/media\/13950"}],"wp:attachment":[{"href":"https:\/\/limunstudio.hr\/en\/wp-json\/wp\/v2\/media?parent=13761"}],"wp:term":[{"taxonomy":"product_brand","embeddable":true,"href":"https:\/\/limunstudio.hr\/en\/wp-json\/wp\/v2\/product_brand?post=13761"},{"taxonomy":"product_cat","embeddable":true,"href":"https:\/\/limunstudio.hr\/en\/wp-json\/wp\/v2\/product_cat?post=13761"},{"taxonomy":"product_tag","embeddable":true,"href":"https:\/\/limunstudio.hr\/en\/wp-json\/wp\/v2\/product_tag?post=13761"}],"curies":[{"name":"wp","href":"https:\/\/api.w.org\/{rel}","templated":true}]}}