{"id":13759,"date":"2026-04-11T17:04:54","date_gmt":"2026-04-11T17:04:54","guid":{"rendered":"https:\/\/limunstudio.hr\/?post_type=product&#038;p=13759"},"modified":"2026-04-21T17:54:12","modified_gmt":"2026-04-21T17:54:12","slug":"kako-magazin-5-izdanje","status":"publish","type":"product","link":"https:\/\/limunstudio.hr\/en\/product\/kako-magazin-5-izdanje\/","title":{"rendered":"KAKO magazin \u2014 5. izdanje ZVUK"},"content":{"rendered":"","protected":false},"excerpt":{"rendered":"<p>K\u00e0ko je hrvatski nezavisni magazin bez oglasa koji se financira isklju\u010divo od prodaje tiskanog izdanja. Svaki broj donosi bezvremensku pri\u010du koja nije vezana za prethodni broj. Sadr\u017eaj magazina \u010dine kvalitetne pri\u010de o kreativnim pojedincima, \u010duvarima tradicije, kvalitetnom \u017eivljenju, za\u010dudnim mjestima i dru\u0161tvenim fenomenima. Izlazi tri puta godi\u0161nje, isklju\u010divo u tiskanom formatu na vrhunskom recikliranom papiru.<\/p>","protected":false},"featured_media":5624,"template":"","meta":{"_seopress_robots_primary_cat":"none","_seopress_titles_title":"","_seopress_titles_desc":"","_seopress_robots_index":"","iawp_total_views":0},"product_brand":[370],"product_cat":[150,203],"product_tag":[],"class_list":{"0":"post-13759","1":"product","2":"type-product","3":"status-publish","4":"has-post-thumbnail","6":"product_brand-kako","7":"product_cat-knjige-i-magazini","8":"product_cat-magazini","10":"first","11":"outofstock","12":"taxable","13":"shipping-taxable","14":"purchasable","15":"product-type-simple"},"_links":{"self":[{"href":"https:\/\/limunstudio.hr\/en\/wp-json\/wp\/v2\/product\/13759","targetHints":{"allow":["GET"]}}],"collection":[{"href":"https:\/\/limunstudio.hr\/en\/wp-json\/wp\/v2\/product"}],"about":[{"href":"https:\/\/limunstudio.hr\/en\/wp-json\/wp\/v2\/types\/product"}],"version-history":[{"count":2,"href":"https:\/\/limunstudio.hr\/en\/wp-json\/wp\/v2\/product\/13759\/revisions"}],"predecessor-version":[{"id":13764,"href":"https:\/\/limunstudio.hr\/en\/wp-json\/wp\/v2\/product\/13759\/revisions\/13764"}],"wp:featuredmedia":[{"embeddable":true,"href":"https:\/\/limunstudio.hr\/en\/wp-json\/wp\/v2\/media\/5624"}],"wp:attachment":[{"href":"https:\/\/limunstudio.hr\/en\/wp-json\/wp\/v2\/media?parent=13759"}],"wp:term":[{"taxonomy":"product_brand","embeddable":true,"href":"https:\/\/limunstudio.hr\/en\/wp-json\/wp\/v2\/product_brand?post=13759"},{"taxonomy":"product_cat","embeddable":true,"href":"https:\/\/limunstudio.hr\/en\/wp-json\/wp\/v2\/product_cat?post=13759"},{"taxonomy":"product_tag","embeddable":true,"href":"https:\/\/limunstudio.hr\/en\/wp-json\/wp\/v2\/product_tag?post=13759"}],"curies":[{"name":"wp","href":"https:\/\/api.w.org\/{rel}","templated":true}]}}