{"id":13757,"date":"2026-04-11T17:02:19","date_gmt":"2026-04-11T17:02:19","guid":{"rendered":"https:\/\/limunstudio.hr\/?post_type=product&#038;p=13757"},"modified":"2026-04-21T17:54:12","modified_gmt":"2026-04-21T17:54:12","slug":"kako-magazin-6-izdanje","status":"publish","type":"product","link":"https:\/\/limunstudio.hr\/en\/product\/kako-magazin-6-izdanje\/","title":{"rendered":"KAKO magazin \u2014 6. izdanje TRA\u010c"},"content":{"rendered":"<p>\u0160esti broj K\u00e0ko magazina oda je tra\u010du i svim njegovim licima. Istra\u017eujemo kako se tra\u010devi \u0161ire, za\u0161to nam je tra\u010danje uro\u0111eno otkad je ljudske vrste, za\u0161to ga kritizira Crkva i za\u0161to ne tra\u010damo mrtve. Analiziramo i kako su tra\u010devi promijenili medije te kako su stvorili legende od glumaca, glazbenika i pisaca.<\/p>","protected":false},"excerpt":{"rendered":"<p>K\u00e0ko je hrvatski nezavisni magazin bez oglasa koji se financira isklju\u010divo od prodaje tiskanog izdanja. Svaki broj donosi bezvremensku pri\u010du koja nije vezana za prethodni broj. Sadr\u017eaj magazina \u010dine kvalitetne pri\u010de o kreativnim pojedincima, \u010duvarima tradicije, kvalitetnom \u017eivljenju, za\u010dudnim mjestima i dru\u0161tvenim fenomenima. Izlazi tri puta godi\u0161nje, isklju\u010divo u tiskanom formatu na vrhunskom recikliranom papiru. Vi\u0161e u opisu o 6. izdanju.<\/p>","protected":false},"featured_media":5626,"template":"","meta":{"_seopress_robots_primary_cat":"none","_seopress_titles_title":"","_seopress_titles_desc":"","_seopress_robots_index":"","iawp_total_views":1},"product_brand":[370],"product_cat":[150,203],"product_tag":[],"class_list":{"0":"post-13757","1":"product","2":"type-product","3":"status-publish","4":"has-post-thumbnail","6":"product_brand-kako","7":"product_cat-knjige-i-magazini","8":"product_cat-magazini","10":"first","11":"instock","12":"taxable","13":"shipping-taxable","14":"purchasable","15":"product-type-simple"},"_links":{"self":[{"href":"https:\/\/limunstudio.hr\/en\/wp-json\/wp\/v2\/product\/13757","targetHints":{"allow":["GET"]}}],"collection":[{"href":"https:\/\/limunstudio.hr\/en\/wp-json\/wp\/v2\/product"}],"about":[{"href":"https:\/\/limunstudio.hr\/en\/wp-json\/wp\/v2\/types\/product"}],"version-history":[{"count":2,"href":"https:\/\/limunstudio.hr\/en\/wp-json\/wp\/v2\/product\/13757\/revisions"}],"predecessor-version":[{"id":13763,"href":"https:\/\/limunstudio.hr\/en\/wp-json\/wp\/v2\/product\/13757\/revisions\/13763"}],"wp:featuredmedia":[{"embeddable":true,"href":"https:\/\/limunstudio.hr\/en\/wp-json\/wp\/v2\/media\/5626"}],"wp:attachment":[{"href":"https:\/\/limunstudio.hr\/en\/wp-json\/wp\/v2\/media?parent=13757"}],"wp:term":[{"taxonomy":"product_brand","embeddable":true,"href":"https:\/\/limunstudio.hr\/en\/wp-json\/wp\/v2\/product_brand?post=13757"},{"taxonomy":"product_cat","embeddable":true,"href":"https:\/\/limunstudio.hr\/en\/wp-json\/wp\/v2\/product_cat?post=13757"},{"taxonomy":"product_tag","embeddable":true,"href":"https:\/\/limunstudio.hr\/en\/wp-json\/wp\/v2\/product_tag?post=13757"}],"curies":[{"name":"wp","href":"https:\/\/api.w.org\/{rel}","templated":true}]}}