{"id":13484,"date":"2026-04-07T15:08:51","date_gmt":"2026-04-07T15:08:51","guid":{"rendered":"https:\/\/limunstudio.hr\/?post_type=product&#038;p=13484"},"modified":"2026-04-25T17:51:50","modified_gmt":"2026-04-25T15:51:50","slug":"lutka-kit-bijeli-na-zvijezdice","status":"publish","type":"product","link":"https:\/\/limunstudio.hr\/en\/product\/lutka-kit-bijeli-na-zvijezdice\/","title":{"rendered":"Lutka \u2014 Kit bijeli na zvijezdice"},"content":{"rendered":"","protected":false},"excerpt":{"rendered":"<p data-start=\"70\" data-end=\"182\">Svaka lutka je ru\u010dno izra\u0111ena u Hrvatskoj. Zbog raznolikosti izrade, lutke se mogu razlikovati u boji tkanine. U slu\u010daju da dostupna lutka odstupa od prikazane na slici, kontaktirat \u0107emo vas i ponuditi raspolo\u017eive varijante boja.<\/p>","protected":false},"featured_media":9868,"template":"","meta":{"_seopress_robots_primary_cat":"none","_seopress_titles_title":"","_seopress_titles_desc":"","_seopress_robots_index":"","iawp_total_views":0},"product_brand":[308],"product_cat":[120,119],"product_tag":[],"class_list":{"0":"post-13484","1":"product","2":"type-product","3":"status-publish","4":"has-post-thumbnail","6":"product_brand-sovica","7":"product_cat-lutke","8":"product_cat-zabava","10":"first","11":"instock","12":"taxable","13":"shipping-taxable","14":"purchasable","15":"product-type-simple"},"_links":{"self":[{"href":"https:\/\/limunstudio.hr\/en\/wp-json\/wp\/v2\/product\/13484","targetHints":{"allow":["GET"]}}],"collection":[{"href":"https:\/\/limunstudio.hr\/en\/wp-json\/wp\/v2\/product"}],"about":[{"href":"https:\/\/limunstudio.hr\/en\/wp-json\/wp\/v2\/types\/product"}],"version-history":[{"count":3,"href":"https:\/\/limunstudio.hr\/en\/wp-json\/wp\/v2\/product\/13484\/revisions"}],"predecessor-version":[{"id":13487,"href":"https:\/\/limunstudio.hr\/en\/wp-json\/wp\/v2\/product\/13484\/revisions\/13487"}],"wp:featuredmedia":[{"embeddable":true,"href":"https:\/\/limunstudio.hr\/en\/wp-json\/wp\/v2\/media\/9868"}],"wp:attachment":[{"href":"https:\/\/limunstudio.hr\/en\/wp-json\/wp\/v2\/media?parent=13484"}],"wp:term":[{"taxonomy":"product_brand","embeddable":true,"href":"https:\/\/limunstudio.hr\/en\/wp-json\/wp\/v2\/product_brand?post=13484"},{"taxonomy":"product_cat","embeddable":true,"href":"https:\/\/limunstudio.hr\/en\/wp-json\/wp\/v2\/product_cat?post=13484"},{"taxonomy":"product_tag","embeddable":true,"href":"https:\/\/limunstudio.hr\/en\/wp-json\/wp\/v2\/product_tag?post=13484"}],"curies":[{"name":"wp","href":"https:\/\/api.w.org\/{rel}","templated":true}]}}