{"id":13218,"date":"2026-03-30T10:26:49","date_gmt":"2026-03-30T10:26:49","guid":{"rendered":"https:\/\/limunstudio.hr\/?post_type=product&#038;p=13218"},"modified":"2026-04-21T17:55:46","modified_gmt":"2026-04-21T17:55:46","slug":"mirisna-svijeca-breathe","status":"publish","type":"product","link":"https:\/\/limunstudio.hr\/en\/product\/mirisna-svijeca-breathe\/","title":{"rendered":"Mirisna svije\u0107a \u2014 BREATHE"},"content":{"rendered":"","protected":false},"excerpt":{"rendered":"<p>Ru\u010dno ra\u0111ene svije\u0107e od sojinog voska. Eco-friendly. 35 sati gorenja<\/p>","protected":false},"featured_media":9660,"template":"","meta":{"_seopress_robots_primary_cat":"none","_seopress_titles_title":"","_seopress_titles_desc":"","_seopress_robots_index":"","iawp_total_views":0},"product_brand":[344],"product_cat":[180,157],"product_tag":[],"class_list":{"0":"post-13218","1":"product","2":"type-product","3":"status-publish","4":"has-post-thumbnail","6":"product_brand-upcandle","7":"product_cat-mirisne-svijece","8":"product_cat-svijece-i-mirisi","10":"first","11":"instock","12":"taxable","13":"shipping-taxable","14":"purchasable","15":"product-type-simple"},"_links":{"self":[{"href":"https:\/\/limunstudio.hr\/en\/wp-json\/wp\/v2\/product\/13218","targetHints":{"allow":["GET"]}}],"collection":[{"href":"https:\/\/limunstudio.hr\/en\/wp-json\/wp\/v2\/product"}],"about":[{"href":"https:\/\/limunstudio.hr\/en\/wp-json\/wp\/v2\/types\/product"}],"version-history":[{"count":2,"href":"https:\/\/limunstudio.hr\/en\/wp-json\/wp\/v2\/product\/13218\/revisions"}],"predecessor-version":[{"id":13222,"href":"https:\/\/limunstudio.hr\/en\/wp-json\/wp\/v2\/product\/13218\/revisions\/13222"}],"wp:featuredmedia":[{"embeddable":true,"href":"https:\/\/limunstudio.hr\/en\/wp-json\/wp\/v2\/media\/9660"}],"wp:attachment":[{"href":"https:\/\/limunstudio.hr\/en\/wp-json\/wp\/v2\/media?parent=13218"}],"wp:term":[{"taxonomy":"product_brand","embeddable":true,"href":"https:\/\/limunstudio.hr\/en\/wp-json\/wp\/v2\/product_brand?post=13218"},{"taxonomy":"product_cat","embeddable":true,"href":"https:\/\/limunstudio.hr\/en\/wp-json\/wp\/v2\/product_cat?post=13218"},{"taxonomy":"product_tag","embeddable":true,"href":"https:\/\/limunstudio.hr\/en\/wp-json\/wp\/v2\/product_tag?post=13218"}],"curies":[{"name":"wp","href":"https:\/\/api.w.org\/{rel}","templated":true}]}}