{"id":13199,"date":"2026-03-30T09:48:14","date_gmt":"2026-03-30T09:48:14","guid":{"rendered":"https:\/\/limunstudio.hr\/?post_type=product&#038;p=13199"},"modified":"2026-04-08T07:10:31","modified_gmt":"2026-04-08T07:10:31","slug":"mirisna-svijeca-christmas-morning","status":"publish","type":"product","link":"https:\/\/limunstudio.hr\/en\/product\/mirisna-svijeca-christmas-morning\/","title":{"rendered":"Mirisna svije\u0107a \u2014 CHRISTMAS MORNING"},"content":{"rendered":"","protected":false},"excerpt":{"rendered":"<p>Ru\u010dno ra\u0111ene svije\u0107e od sojinog voska. Eco-friendly. Miris &#8211; citrusna fuzija, mo\u0161us, bor, jasmin.<\/p>","protected":false},"featured_media":9663,"template":"","meta":{"_seopress_robots_primary_cat":"none","_seopress_titles_title":"","_seopress_titles_desc":"","_seopress_robots_index":"","iawp_total_views":0},"product_brand":[355],"product_cat":[180,157],"product_tag":[],"class_list":{"0":"post-13199","1":"product","2":"type-product","3":"status-publish","4":"has-post-thumbnail","6":"product_brand-niani","7":"product_cat-mirisne-svijece","8":"product_cat-svijece-i-mirisi","10":"first","11":"instock","12":"taxable","13":"shipping-taxable","14":"purchasable","15":"product-type-variable"},"_links":{"self":[{"href":"https:\/\/limunstudio.hr\/en\/wp-json\/wp\/v2\/product\/13199","targetHints":{"allow":["GET"]}}],"collection":[{"href":"https:\/\/limunstudio.hr\/en\/wp-json\/wp\/v2\/product"}],"about":[{"href":"https:\/\/limunstudio.hr\/en\/wp-json\/wp\/v2\/types\/product"}],"version-history":[{"count":2,"href":"https:\/\/limunstudio.hr\/en\/wp-json\/wp\/v2\/product\/13199\/revisions"}],"predecessor-version":[{"id":13518,"href":"https:\/\/limunstudio.hr\/en\/wp-json\/wp\/v2\/product\/13199\/revisions\/13518"}],"wp:featuredmedia":[{"embeddable":true,"href":"https:\/\/limunstudio.hr\/en\/wp-json\/wp\/v2\/media\/9663"}],"wp:attachment":[{"href":"https:\/\/limunstudio.hr\/en\/wp-json\/wp\/v2\/media?parent=13199"}],"wp:term":[{"taxonomy":"product_brand","embeddable":true,"href":"https:\/\/limunstudio.hr\/en\/wp-json\/wp\/v2\/product_brand?post=13199"},{"taxonomy":"product_cat","embeddable":true,"href":"https:\/\/limunstudio.hr\/en\/wp-json\/wp\/v2\/product_cat?post=13199"},{"taxonomy":"product_tag","embeddable":true,"href":"https:\/\/limunstudio.hr\/en\/wp-json\/wp\/v2\/product_tag?post=13199"}],"curies":[{"name":"wp","href":"https:\/\/api.w.org\/{rel}","templated":true}]}}