{"id":13172,"date":"2026-03-30T09:15:24","date_gmt":"2026-03-30T09:15:24","guid":{"rendered":"https:\/\/limunstudio.hr\/?post_type=product&#038;p=13172"},"modified":"2026-04-21T12:14:22","modified_gmt":"2026-04-21T12:14:22","slug":"drvena-zdjela-mala-1","status":"publish","type":"product","link":"https:\/\/limunstudio.hr\/en\/product\/drvena-zdjela-mala-1\/","title":{"rendered":"Drvena zdjela \u2014 MALA 1"},"content":{"rendered":"","protected":false},"excerpt":{"rendered":"<p data-pm-slice=\"1 1 []\">Ru\u010dno izra\u0111ena drvena zdjela. Svaka zdjela je unikat. Zbog procesa ru\u010dne izrade mogu\u0107a manja odstupanja u godovima i teksturi u odnosu na prikazanu fotografiju. Proizvedeno u Hrvatskoj. Proizvod dolazi iz male radionice, gdje se njeguje tradicija ru\u010dne obrade drva i kvaliteta doma\u0107e proizvodnje.<\/p>","protected":false},"featured_media":12120,"template":"","meta":{"_seopress_robots_primary_cat":"none","_seopress_titles_title":"","_seopress_titles_desc":"","_seopress_robots_index":"","iawp_total_views":1},"product_brand":[395],"product_cat":[148,155,161],"product_tag":[],"class_list":{"0":"post-13172","1":"product","2":"type-product","3":"status-publish","4":"has-post-thumbnail","6":"product_brand-noma-wood","7":"product_cat-dom","8":"product_cat-kuhinja","9":"product_cat-zdjele","11":"first","12":"instock","13":"taxable","14":"shipping-taxable","15":"purchasable","16":"product-type-simple"},"_links":{"self":[{"href":"https:\/\/limunstudio.hr\/en\/wp-json\/wp\/v2\/product\/13172","targetHints":{"allow":["GET"]}}],"collection":[{"href":"https:\/\/limunstudio.hr\/en\/wp-json\/wp\/v2\/product"}],"about":[{"href":"https:\/\/limunstudio.hr\/en\/wp-json\/wp\/v2\/types\/product"}],"version-history":[{"count":2,"href":"https:\/\/limunstudio.hr\/en\/wp-json\/wp\/v2\/product\/13172\/revisions"}],"predecessor-version":[{"id":13192,"href":"https:\/\/limunstudio.hr\/en\/wp-json\/wp\/v2\/product\/13172\/revisions\/13192"}],"wp:featuredmedia":[{"embeddable":true,"href":"https:\/\/limunstudio.hr\/en\/wp-json\/wp\/v2\/media\/12120"}],"wp:attachment":[{"href":"https:\/\/limunstudio.hr\/en\/wp-json\/wp\/v2\/media?parent=13172"}],"wp:term":[{"taxonomy":"product_brand","embeddable":true,"href":"https:\/\/limunstudio.hr\/en\/wp-json\/wp\/v2\/product_brand?post=13172"},{"taxonomy":"product_cat","embeddable":true,"href":"https:\/\/limunstudio.hr\/en\/wp-json\/wp\/v2\/product_cat?post=13172"},{"taxonomy":"product_tag","embeddable":true,"href":"https:\/\/limunstudio.hr\/en\/wp-json\/wp\/v2\/product_tag?post=13172"}],"curies":[{"name":"wp","href":"https:\/\/api.w.org\/{rel}","templated":true}]}}