{"id":13164,"date":"2026-03-30T09:06:24","date_gmt":"2026-03-30T09:06:24","guid":{"rendered":"https:\/\/limunstudio.hr\/?post_type=product&#038;p=13164"},"modified":"2026-04-22T08:54:28","modified_gmt":"2026-04-22T08:54:28","slug":"salica-macchiato-sarena-4","status":"publish","type":"product","link":"https:\/\/limunstudio.hr\/en\/product\/salica-macchiato-sarena-4\/","title":{"rendered":"\u0160alica macchiato \u2014 ROSITA \u0160arena 4"},"content":{"rendered":"","protected":false},"excerpt":{"rendered":"<p>Ru\u010dno izra\u0111ena kerami\u010dka \u0161alica. Proizvedeno u Hrvatskoj. Sigurno za pranje u perilici.<\/p>","protected":false},"featured_media":12965,"template":"","meta":{"_seopress_robots_primary_cat":"none","_seopress_titles_title":"","_seopress_titles_desc":"","_seopress_robots_index":"","iawp_total_views":0},"product_brand":[286],"product_cat":[148,155,290,159],"product_tag":[],"class_list":{"0":"post-13164","1":"product","2":"type-product","3":"status-publish","4":"has-post-thumbnail","6":"product_brand-la-rosa","7":"product_cat-dom","8":"product_cat-kuhinja","9":"product_cat-macchiato","10":"product_cat-salice","12":"first","13":"instock","14":"sold-individually","15":"taxable","16":"shipping-taxable","17":"purchasable","18":"product-type-simple"},"_links":{"self":[{"href":"https:\/\/limunstudio.hr\/en\/wp-json\/wp\/v2\/product\/13164","targetHints":{"allow":["GET"]}}],"collection":[{"href":"https:\/\/limunstudio.hr\/en\/wp-json\/wp\/v2\/product"}],"about":[{"href":"https:\/\/limunstudio.hr\/en\/wp-json\/wp\/v2\/types\/product"}],"version-history":[{"count":2,"href":"https:\/\/limunstudio.hr\/en\/wp-json\/wp\/v2\/product\/13164\/revisions"}],"predecessor-version":[{"id":13185,"href":"https:\/\/limunstudio.hr\/en\/wp-json\/wp\/v2\/product\/13164\/revisions\/13185"}],"wp:featuredmedia":[{"embeddable":true,"href":"https:\/\/limunstudio.hr\/en\/wp-json\/wp\/v2\/media\/12965"}],"wp:attachment":[{"href":"https:\/\/limunstudio.hr\/en\/wp-json\/wp\/v2\/media?parent=13164"}],"wp:term":[{"taxonomy":"product_brand","embeddable":true,"href":"https:\/\/limunstudio.hr\/en\/wp-json\/wp\/v2\/product_brand?post=13164"},{"taxonomy":"product_cat","embeddable":true,"href":"https:\/\/limunstudio.hr\/en\/wp-json\/wp\/v2\/product_cat?post=13164"},{"taxonomy":"product_tag","embeddable":true,"href":"https:\/\/limunstudio.hr\/en\/wp-json\/wp\/v2\/product_tag?post=13164"}],"curies":[{"name":"wp","href":"https:\/\/api.w.org\/{rel}","templated":true}]}}