{"id":13150,"date":"2026-03-30T08:52:57","date_gmt":"2026-03-30T08:52:57","guid":{"rendered":"https:\/\/limunstudio.hr\/?post_type=product&#038;p=13150"},"modified":"2026-04-22T07:31:10","modified_gmt":"2026-04-22T07:31:10","slug":"salica-latte-krem-bez-rucke","status":"publish","type":"product","link":"https:\/\/limunstudio.hr\/en\/product\/salica-latte-krem-bez-rucke\/","title":{"rendered":"\u0160alica latte \u2014 Krem bez ru\u010dke"},"content":{"rendered":"","protected":false},"excerpt":{"rendered":"<p>Ru\u010dno izra\u0111ena \u0161alica, a svaki primjerak je unikatan. Pogodna je za svakodnevnu upotrebu i sigurno se mo\u017ee prati u perilici. Proizvedeno u Hrvatskoj. Zbog ru\u010dne izrade mogu\u0107e su manje razlike u detaljima.<\/p>","protected":false},"featured_media":12971,"template":"","meta":{"_seopress_robots_primary_cat":"none","_seopress_titles_title":"","_seopress_titles_desc":"","_seopress_robots_index":"","iawp_total_views":0},"product_brand":[302],"product_cat":[148,155,291,159],"product_tag":[],"class_list":{"0":"post-13150","1":"product","2":"type-product","3":"status-publish","4":"has-post-thumbnail","6":"product_brand-5th","7":"product_cat-dom","8":"product_cat-kuhinja","9":"product_cat-latte","10":"product_cat-salice","12":"first","13":"instock","14":"sold-individually","15":"taxable","16":"shipping-taxable","17":"purchasable","18":"product-type-simple"},"_links":{"self":[{"href":"https:\/\/limunstudio.hr\/en\/wp-json\/wp\/v2\/product\/13150","targetHints":{"allow":["GET"]}}],"collection":[{"href":"https:\/\/limunstudio.hr\/en\/wp-json\/wp\/v2\/product"}],"about":[{"href":"https:\/\/limunstudio.hr\/en\/wp-json\/wp\/v2\/types\/product"}],"version-history":[{"count":1,"href":"https:\/\/limunstudio.hr\/en\/wp-json\/wp\/v2\/product\/13150\/revisions"}],"predecessor-version":[{"id":13151,"href":"https:\/\/limunstudio.hr\/en\/wp-json\/wp\/v2\/product\/13150\/revisions\/13151"}],"wp:featuredmedia":[{"embeddable":true,"href":"https:\/\/limunstudio.hr\/en\/wp-json\/wp\/v2\/media\/12971"}],"wp:attachment":[{"href":"https:\/\/limunstudio.hr\/en\/wp-json\/wp\/v2\/media?parent=13150"}],"wp:term":[{"taxonomy":"product_brand","embeddable":true,"href":"https:\/\/limunstudio.hr\/en\/wp-json\/wp\/v2\/product_brand?post=13150"},{"taxonomy":"product_cat","embeddable":true,"href":"https:\/\/limunstudio.hr\/en\/wp-json\/wp\/v2\/product_cat?post=13150"},{"taxonomy":"product_tag","embeddable":true,"href":"https:\/\/limunstudio.hr\/en\/wp-json\/wp\/v2\/product_tag?post=13150"}],"curies":[{"name":"wp","href":"https:\/\/api.w.org\/{rel}","templated":true}]}}