{"id":13132,"date":"2026-03-30T08:26:39","date_gmt":"2026-03-30T08:26:39","guid":{"rendered":"https:\/\/limunstudio.hr\/?post_type=product&#038;p=13132"},"modified":"2026-04-22T07:32:05","modified_gmt":"2026-04-22T07:32:05","slug":"salica-macchiato-classic","status":"publish","type":"product","link":"https:\/\/limunstudio.hr\/en\/product\/salica-macchiato-classic\/","title":{"rendered":"\u0160alica macchiato \u2014 Classic"},"content":{"rendered":"","protected":false},"excerpt":{"rendered":"<p>Ru\u010dno izra\u0111ena \u0161alica, a svaki primjerak je unikatan. Pogodna je za svakodnevnu upotrebu i sigurno se mo\u017ee prati u perilici. Proizvedeno u Hrvatskoj. Zbog ru\u010dne izrade mogu\u0107e su manje razlike u detaljima.<\/p>","protected":false},"featured_media":12974,"template":"","meta":{"_seopress_robots_primary_cat":"none","_seopress_titles_title":"","_seopress_titles_desc":"","_seopress_robots_index":"","iawp_total_views":1},"product_brand":[302],"product_cat":[148,155,290,159],"product_tag":[],"class_list":{"0":"post-13132","1":"product","2":"type-product","3":"status-publish","4":"has-post-thumbnail","6":"product_brand-5th","7":"product_cat-dom","8":"product_cat-kuhinja","9":"product_cat-macchiato","10":"product_cat-salice","12":"first","13":"instock","14":"taxable","15":"shipping-taxable","16":"purchasable","17":"product-type-variable"},"_links":{"self":[{"href":"https:\/\/limunstudio.hr\/en\/wp-json\/wp\/v2\/product\/13132","targetHints":{"allow":["GET"]}}],"collection":[{"href":"https:\/\/limunstudio.hr\/en\/wp-json\/wp\/v2\/product"}],"about":[{"href":"https:\/\/limunstudio.hr\/en\/wp-json\/wp\/v2\/types\/product"}],"version-history":[{"count":1,"href":"https:\/\/limunstudio.hr\/en\/wp-json\/wp\/v2\/product\/13132\/revisions"}],"predecessor-version":[{"id":13137,"href":"https:\/\/limunstudio.hr\/en\/wp-json\/wp\/v2\/product\/13132\/revisions\/13137"}],"wp:featuredmedia":[{"embeddable":true,"href":"https:\/\/limunstudio.hr\/en\/wp-json\/wp\/v2\/media\/12974"}],"wp:attachment":[{"href":"https:\/\/limunstudio.hr\/en\/wp-json\/wp\/v2\/media?parent=13132"}],"wp:term":[{"taxonomy":"product_brand","embeddable":true,"href":"https:\/\/limunstudio.hr\/en\/wp-json\/wp\/v2\/product_brand?post=13132"},{"taxonomy":"product_cat","embeddable":true,"href":"https:\/\/limunstudio.hr\/en\/wp-json\/wp\/v2\/product_cat?post=13132"},{"taxonomy":"product_tag","embeddable":true,"href":"https:\/\/limunstudio.hr\/en\/wp-json\/wp\/v2\/product_tag?post=13132"}],"curies":[{"name":"wp","href":"https:\/\/api.w.org\/{rel}","templated":true}]}}