{"id":13129,"date":"2026-03-30T08:09:15","date_gmt":"2026-03-30T08:09:15","guid":{"rendered":"https:\/\/limunstudio.hr\/?post_type=product&#038;p=13129"},"modified":"2026-04-30T10:20:40","modified_gmt":"2026-04-30T08:20:40","slug":"keramicka-vaza-tamna-pinija","status":"publish","type":"product","link":"https:\/\/limunstudio.hr\/en\/product\/keramicka-vaza-tamna-pinija\/","title":{"rendered":"Kerami\u010dka vaza \u2014 Pinija tamna"},"content":{"rendered":"","protected":false},"excerpt":{"rendered":"<p>Ru\u010dno oblikovana kerami\u010dka vaza s iglicama pinije koje se peru, kuhaju i na kraju plete oko prethodno ispe\u010dene kerami\u010dke forme. Prikladna za vo\u0107e, suho cvije\u0107e i sl., a uz umetnutu epruvetu u unutra\u0161njost vaze mo\u017ee se koristiti i za svje\u017ee cvije\u0107e. Vanjsku povr\u0161inu dovoljno je nje\u017eno obrisati vla\u017enom ili suhom krpom, a pra\u0161inu po potrebi ukloniti mekanim kistom. Proizvedeno u Hrvatskoj.<\/p>","protected":false},"featured_media":12959,"template":"","meta":{"_seopress_robots_primary_cat":"none","_seopress_titles_title":"","_seopress_titles_desc":"","_seopress_robots_index":"","iawp_total_views":1},"product_brand":[378],"product_cat":[156,148,78,65,79,172],"product_tag":[],"class_list":{"0":"post-13129","1":"product","2":"type-product","3":"status-publish","4":"has-post-thumbnail","6":"product_brand-kpb-keramika","7":"product_cat-dekori-za-dom","8":"product_cat-dom","9":"product_cat-ekskluzivni-pokloni","10":"product_cat-pokloni","11":"product_cat-poslovni-pokloni-pokloni","12":"product_cat-vaze","14":"first","15":"instock","16":"sold-individually","17":"taxable","18":"shipping-taxable","19":"purchasable","20":"product-type-simple"},"_links":{"self":[{"href":"https:\/\/limunstudio.hr\/en\/wp-json\/wp\/v2\/product\/13129","targetHints":{"allow":["GET"]}}],"collection":[{"href":"https:\/\/limunstudio.hr\/en\/wp-json\/wp\/v2\/product"}],"about":[{"href":"https:\/\/limunstudio.hr\/en\/wp-json\/wp\/v2\/types\/product"}],"version-history":[{"count":2,"href":"https:\/\/limunstudio.hr\/en\/wp-json\/wp\/v2\/product\/13129\/revisions"}],"predecessor-version":[{"id":14507,"href":"https:\/\/limunstudio.hr\/en\/wp-json\/wp\/v2\/product\/13129\/revisions\/14507"}],"wp:featuredmedia":[{"embeddable":true,"href":"https:\/\/limunstudio.hr\/en\/wp-json\/wp\/v2\/media\/12959"}],"wp:attachment":[{"href":"https:\/\/limunstudio.hr\/en\/wp-json\/wp\/v2\/media?parent=13129"}],"wp:term":[{"taxonomy":"product_brand","embeddable":true,"href":"https:\/\/limunstudio.hr\/en\/wp-json\/wp\/v2\/product_brand?post=13129"},{"taxonomy":"product_cat","embeddable":true,"href":"https:\/\/limunstudio.hr\/en\/wp-json\/wp\/v2\/product_cat?post=13129"},{"taxonomy":"product_tag","embeddable":true,"href":"https:\/\/limunstudio.hr\/en\/wp-json\/wp\/v2\/product_tag?post=13129"}],"curies":[{"name":"wp","href":"https:\/\/api.w.org\/{rel}","templated":true}]}}