{"id":13127,"date":"2026-03-30T06:10:27","date_gmt":"2026-03-30T06:10:27","guid":{"rendered":"https:\/\/limunstudio.hr\/?post_type=product&#038;p=13127"},"modified":"2026-04-30T10:21:14","modified_gmt":"2026-04-30T08:21:14","slug":"keramicka-zdjela-lanac-tamna","status":"publish","type":"product","link":"https:\/\/limunstudio.hr\/en\/product\/keramicka-zdjela-lanac-tamna\/","title":{"rendered":"Kerami\u010dka zdjela \u2014 Lanac tamna"},"content":{"rendered":"","protected":false},"excerpt":{"rendered":"<p>Ru\u010dno oblikovana kerami\u010dka vaza. Prikladna je za suho cvije\u0107e, a uz umetnutu\u00a0 epruvetu u unutra\u0161njost mo\u017ee se koristiti za svje\u017ee cvije\u0107e. Vanjsku povr\u0161inu dovoljno je nje\u017eno obrisati vla\u017enom ili suhom krpom, a pra\u0161inu po potrebi ukloniti mekanim kistom. Proizvedeno u Hrvatskoj.<\/p>","protected":false},"featured_media":12958,"template":"","meta":{"_seopress_robots_primary_cat":"none","_seopress_titles_title":"","_seopress_titles_desc":"","_seopress_robots_index":"","iawp_total_views":0},"product_brand":[378],"product_cat":[156,148,78,155,65,79,173,161],"product_tag":[],"class_list":{"0":"post-13127","1":"product","2":"type-product","3":"status-publish","4":"has-post-thumbnail","6":"product_brand-kpb-keramika","7":"product_cat-dekori-za-dom","8":"product_cat-dom","9":"product_cat-ekskluzivni-pokloni","10":"product_cat-kuhinja","11":"product_cat-pokloni","12":"product_cat-poslovni-pokloni-pokloni","13":"product_cat-ukrasni-predmeti","14":"product_cat-zdjele","16":"first","17":"instock","18":"sold-individually","19":"taxable","20":"shipping-taxable","21":"purchasable","22":"product-type-simple"},"_links":{"self":[{"href":"https:\/\/limunstudio.hr\/en\/wp-json\/wp\/v2\/product\/13127","targetHints":{"allow":["GET"]}}],"collection":[{"href":"https:\/\/limunstudio.hr\/en\/wp-json\/wp\/v2\/product"}],"about":[{"href":"https:\/\/limunstudio.hr\/en\/wp-json\/wp\/v2\/types\/product"}],"version-history":[{"count":2,"href":"https:\/\/limunstudio.hr\/en\/wp-json\/wp\/v2\/product\/13127\/revisions"}],"predecessor-version":[{"id":14508,"href":"https:\/\/limunstudio.hr\/en\/wp-json\/wp\/v2\/product\/13127\/revisions\/14508"}],"wp:featuredmedia":[{"embeddable":true,"href":"https:\/\/limunstudio.hr\/en\/wp-json\/wp\/v2\/media\/12958"}],"wp:attachment":[{"href":"https:\/\/limunstudio.hr\/en\/wp-json\/wp\/v2\/media?parent=13127"}],"wp:term":[{"taxonomy":"product_brand","embeddable":true,"href":"https:\/\/limunstudio.hr\/en\/wp-json\/wp\/v2\/product_brand?post=13127"},{"taxonomy":"product_cat","embeddable":true,"href":"https:\/\/limunstudio.hr\/en\/wp-json\/wp\/v2\/product_cat?post=13127"},{"taxonomy":"product_tag","embeddable":true,"href":"https:\/\/limunstudio.hr\/en\/wp-json\/wp\/v2\/product_tag?post=13127"}],"curies":[{"name":"wp","href":"https:\/\/api.w.org\/{rel}","templated":true}]}}