{"id":13119,"date":"2026-03-30T05:57:35","date_gmt":"2026-03-30T05:57:35","guid":{"rendered":"https:\/\/limunstudio.hr\/?post_type=product&#038;p=13119"},"modified":"2026-04-24T11:36:54","modified_gmt":"2026-04-24T09:36:54","slug":"ukras-keramicka-ribica","status":"publish","type":"product","link":"https:\/\/limunstudio.hr\/en\/product\/ukras-keramicka-ribica\/","title":{"rendered":"Ukras \u2014 Kerami\u010dka ribica"},"content":{"rendered":"","protected":false},"excerpt":{"rendered":"<p>Ru\u010dno ra\u0111ena kerami\u010dka ribica. Proizvedeno u Hrvatskoj.<\/p>","protected":false},"featured_media":12996,"template":"","meta":{"_seopress_robots_primary_cat":"none","_seopress_titles_title":"","_seopress_titles_desc":"","_seopress_robots_index":"","iawp_total_views":0},"product_brand":[417],"product_cat":[156,148,173],"product_tag":[],"class_list":{"0":"post-13119","1":"product","2":"type-product","3":"status-publish","4":"has-post-thumbnail","6":"product_brand-danijela-piculjan","7":"product_cat-dekori-za-dom","8":"product_cat-dom","9":"product_cat-ukrasni-predmeti","11":"first","12":"instock","13":"taxable","14":"shipping-taxable","15":"purchasable","16":"product-type-simple"},"_links":{"self":[{"href":"https:\/\/limunstudio.hr\/en\/wp-json\/wp\/v2\/product\/13119","targetHints":{"allow":["GET"]}}],"collection":[{"href":"https:\/\/limunstudio.hr\/en\/wp-json\/wp\/v2\/product"}],"about":[{"href":"https:\/\/limunstudio.hr\/en\/wp-json\/wp\/v2\/types\/product"}],"version-history":[{"count":1,"href":"https:\/\/limunstudio.hr\/en\/wp-json\/wp\/v2\/product\/13119\/revisions"}],"predecessor-version":[{"id":13120,"href":"https:\/\/limunstudio.hr\/en\/wp-json\/wp\/v2\/product\/13119\/revisions\/13120"}],"wp:featuredmedia":[{"embeddable":true,"href":"https:\/\/limunstudio.hr\/en\/wp-json\/wp\/v2\/media\/12996"}],"wp:attachment":[{"href":"https:\/\/limunstudio.hr\/en\/wp-json\/wp\/v2\/media?parent=13119"}],"wp:term":[{"taxonomy":"product_brand","embeddable":true,"href":"https:\/\/limunstudio.hr\/en\/wp-json\/wp\/v2\/product_brand?post=13119"},{"taxonomy":"product_cat","embeddable":true,"href":"https:\/\/limunstudio.hr\/en\/wp-json\/wp\/v2\/product_cat?post=13119"},{"taxonomy":"product_tag","embeddable":true,"href":"https:\/\/limunstudio.hr\/en\/wp-json\/wp\/v2\/product_tag?post=13119"}],"curies":[{"name":"wp","href":"https:\/\/api.w.org\/{rel}","templated":true}]}}