{"id":13111,"date":"2026-03-30T05:49:11","date_gmt":"2026-03-30T05:49:11","guid":{"rendered":"https:\/\/limunstudio.hr\/?post_type=product&#038;p=13111"},"modified":"2026-04-30T09:54:34","modified_gmt":"2026-04-30T07:54:34","slug":"herbarij-13x18cm-mirisna-grahorica","status":"publish","type":"product","link":"https:\/\/limunstudio.hr\/en\/product\/herbarij-13x18cm-mirisna-grahorica\/","title":{"rendered":"Herbarij 13x18cm \u2014 Mirisna grahorica"},"content":{"rendered":"","protected":false},"excerpt":{"rendered":"<p data-pm-slice=\"1 1 []\">Herbarij je uokviren i spreman za postavljanje: mo\u017ee stajati na polici (ima oslonac) ili se objesiti na zid (ima kukicu). Svaki herbarij nastaje polako, s ljubavlju i potpuno ru\u010dno, u ku\u0107noj radionici autorice koja sama sadi, bere, su\u0161i i sla\u017ee biljke u jedinstvene botani\u010dke kompozicije. Na pole\u0111ini je ispisan naziv svake biljke na hrvatskom i latinskom jeziku.<\/p>","protected":false},"featured_media":13021,"template":"","meta":{"_seopress_robots_primary_cat":"none","_seopress_titles_title":"","_seopress_titles_desc":"","_seopress_robots_index":"","iawp_total_views":0},"product_brand":[313],"product_cat":[381,116,57],"product_tag":[],"class_list":{"0":"post-13111","1":"product","2":"type-product","3":"status-publish","4":"has-post-thumbnail","6":"product_brand-herbarij-studio","7":"product_cat-13x18cm","8":"product_cat-herbariji","9":"product_cat-zidni-dekor","11":"first","12":"instock","13":"sold-individually","14":"taxable","15":"shipping-taxable","16":"purchasable","17":"product-type-simple"},"_links":{"self":[{"href":"https:\/\/limunstudio.hr\/en\/wp-json\/wp\/v2\/product\/13111","targetHints":{"allow":["GET"]}}],"collection":[{"href":"https:\/\/limunstudio.hr\/en\/wp-json\/wp\/v2\/product"}],"about":[{"href":"https:\/\/limunstudio.hr\/en\/wp-json\/wp\/v2\/types\/product"}],"version-history":[{"count":2,"href":"https:\/\/limunstudio.hr\/en\/wp-json\/wp\/v2\/product\/13111\/revisions"}],"predecessor-version":[{"id":14497,"href":"https:\/\/limunstudio.hr\/en\/wp-json\/wp\/v2\/product\/13111\/revisions\/14497"}],"wp:featuredmedia":[{"embeddable":true,"href":"https:\/\/limunstudio.hr\/en\/wp-json\/wp\/v2\/media\/13021"}],"wp:attachment":[{"href":"https:\/\/limunstudio.hr\/en\/wp-json\/wp\/v2\/media?parent=13111"}],"wp:term":[{"taxonomy":"product_brand","embeddable":true,"href":"https:\/\/limunstudio.hr\/en\/wp-json\/wp\/v2\/product_brand?post=13111"},{"taxonomy":"product_cat","embeddable":true,"href":"https:\/\/limunstudio.hr\/en\/wp-json\/wp\/v2\/product_cat?post=13111"},{"taxonomy":"product_tag","embeddable":true,"href":"https:\/\/limunstudio.hr\/en\/wp-json\/wp\/v2\/product_tag?post=13111"}],"curies":[{"name":"wp","href":"https:\/\/api.w.org\/{rel}","templated":true}]}}