{"id":13097,"date":"2026-03-29T21:55:16","date_gmt":"2026-03-29T21:55:16","guid":{"rendered":"https:\/\/limunstudio.hr\/?post_type=product&#038;p=13097"},"modified":"2026-04-22T07:13:26","modified_gmt":"2026-04-22T07:13:26","slug":"glagoljica-slovo-okvir-k","status":"publish","type":"product","link":"https:\/\/limunstudio.hr\/en\/product\/glagoljica-slovo-okvir-k\/","title":{"rendered":"GLAGOLJICA SLOVO OKVIR \u2014 K"},"content":{"rendered":"","protected":false},"excerpt":{"rendered":"<p data-pm-slice=\"1 1 []\">Akril na platnu. Ru\u010dno oslikano glagolja\u0161ko slovo \u2013 drveno hrvatsko pismo. Navu\u010deno na deblji okvir i spremno za vje\u0161anje. U slu\u010daju \u017eelje za drugim slovom, kontaktirajte nas za upit.<\/p>","protected":false},"featured_media":13003,"template":"","meta":{"_seopress_robots_primary_cat":"none","_seopress_titles_title":"","_seopress_titles_desc":"","_seopress_robots_index":"","iawp_total_views":0},"product_brand":[379],"product_cat":[115,57],"product_tag":[],"class_list":{"0":"post-13097","1":"product","2":"type-product","3":"status-publish","4":"has-post-thumbnail","6":"product_brand-glagoljica-art","7":"product_cat-originali","8":"product_cat-zidni-dekor","10":"first","11":"instock","12":"taxable","13":"shipping-taxable","14":"purchasable","15":"product-type-simple"},"_links":{"self":[{"href":"https:\/\/limunstudio.hr\/en\/wp-json\/wp\/v2\/product\/13097","targetHints":{"allow":["GET"]}}],"collection":[{"href":"https:\/\/limunstudio.hr\/en\/wp-json\/wp\/v2\/product"}],"about":[{"href":"https:\/\/limunstudio.hr\/en\/wp-json\/wp\/v2\/types\/product"}],"version-history":[{"count":1,"href":"https:\/\/limunstudio.hr\/en\/wp-json\/wp\/v2\/product\/13097\/revisions"}],"predecessor-version":[{"id":13098,"href":"https:\/\/limunstudio.hr\/en\/wp-json\/wp\/v2\/product\/13097\/revisions\/13098"}],"wp:featuredmedia":[{"embeddable":true,"href":"https:\/\/limunstudio.hr\/en\/wp-json\/wp\/v2\/media\/13003"}],"wp:attachment":[{"href":"https:\/\/limunstudio.hr\/en\/wp-json\/wp\/v2\/media?parent=13097"}],"wp:term":[{"taxonomy":"product_brand","embeddable":true,"href":"https:\/\/limunstudio.hr\/en\/wp-json\/wp\/v2\/product_brand?post=13097"},{"taxonomy":"product_cat","embeddable":true,"href":"https:\/\/limunstudio.hr\/en\/wp-json\/wp\/v2\/product_cat?post=13097"},{"taxonomy":"product_tag","embeddable":true,"href":"https:\/\/limunstudio.hr\/en\/wp-json\/wp\/v2\/product_tag?post=13097"}],"curies":[{"name":"wp","href":"https:\/\/api.w.org\/{rel}","templated":true}]}}