{"id":13031,"date":"2026-03-29T15:31:07","date_gmt":"2026-03-29T15:31:07","guid":{"rendered":"https:\/\/limunstudio.hr\/?post_type=product&#038;p=13031"},"modified":"2026-04-22T07:49:30","modified_gmt":"2026-04-22T07:49:30","slug":"veliko-cjedilo-4","status":"publish","type":"product","link":"https:\/\/limunstudio.hr\/en\/product\/veliko-cjedilo-4\/","title":{"rendered":"Veliko cjedilo \u2014 4"},"content":{"rendered":"","protected":false},"excerpt":{"rendered":"<p>Ru\u010dno izra\u0111eno kerami\u010dko cjedilo \u2013 unikatan komad, proizvedeno u Hrvatskoj.<\/p>","protected":false},"featured_media":12928,"template":"","meta":{"_seopress_robots_primary_cat":"none","_seopress_titles_title":"","_seopress_titles_desc":"","_seopress_robots_index":"","iawp_total_views":0},"product_brand":[340],"product_cat":[169,148,155],"product_tag":[],"class_list":{"0":"post-13031","1":"product","2":"type-product","3":"status-publish","4":"has-post-thumbnail","6":"product_brand-editammyh","7":"product_cat-cjedila","8":"product_cat-dom","9":"product_cat-kuhinja","11":"first","12":"outofstock","13":"sold-individually","14":"taxable","15":"shipping-taxable","16":"purchasable","17":"product-type-simple"},"_links":{"self":[{"href":"https:\/\/limunstudio.hr\/en\/wp-json\/wp\/v2\/product\/13031","targetHints":{"allow":["GET"]}}],"collection":[{"href":"https:\/\/limunstudio.hr\/en\/wp-json\/wp\/v2\/product"}],"about":[{"href":"https:\/\/limunstudio.hr\/en\/wp-json\/wp\/v2\/types\/product"}],"version-history":[{"count":1,"href":"https:\/\/limunstudio.hr\/en\/wp-json\/wp\/v2\/product\/13031\/revisions"}],"predecessor-version":[{"id":13032,"href":"https:\/\/limunstudio.hr\/en\/wp-json\/wp\/v2\/product\/13031\/revisions\/13032"}],"wp:featuredmedia":[{"embeddable":true,"href":"https:\/\/limunstudio.hr\/en\/wp-json\/wp\/v2\/media\/12928"}],"wp:attachment":[{"href":"https:\/\/limunstudio.hr\/en\/wp-json\/wp\/v2\/media?parent=13031"}],"wp:term":[{"taxonomy":"product_brand","embeddable":true,"href":"https:\/\/limunstudio.hr\/en\/wp-json\/wp\/v2\/product_brand?post=13031"},{"taxonomy":"product_cat","embeddable":true,"href":"https:\/\/limunstudio.hr\/en\/wp-json\/wp\/v2\/product_cat?post=13031"},{"taxonomy":"product_tag","embeddable":true,"href":"https:\/\/limunstudio.hr\/en\/wp-json\/wp\/v2\/product_tag?post=13031"}],"curies":[{"name":"wp","href":"https:\/\/api.w.org\/{rel}","templated":true}]}}