{"id":12343,"date":"2026-03-27T05:56:09","date_gmt":"2026-03-27T05:56:09","guid":{"rendered":"https:\/\/limunstudio.hr\/?post_type=product&#038;p=12343"},"modified":"2026-04-21T08:42:03","modified_gmt":"2026-04-21T08:42:03","slug":"drvena-daska-1","status":"publish","type":"product","link":"https:\/\/limunstudio.hr\/en\/product\/drvena-daska-1\/","title":{"rendered":"Drvena daska \u2014 1"},"content":{"rendered":"","protected":false},"excerpt":{"rendered":"<p data-start=\"462\" data-end=\"683\">Ru\u010dno izra\u0111ena drvena daska od mje\u0161anog drva, proizvedena u Hrvatskoj. Prirodni materijal i pa\u017eljiva obrada osiguravaju dugotrajnost i otpornost. Svaki komad je unikatan. Proizvod dolazi iz male radionice, gdje se njeguje tradicija ru\u010dne obrade drva i kvaliteta doma\u0107e proizvodnje.<\/p>","protected":false},"featured_media":12079,"template":"","meta":{"_seopress_robots_primary_cat":"none","_seopress_titles_title":"","_seopress_titles_desc":"","_seopress_robots_index":"","iawp_total_views":0},"product_brand":[395],"product_cat":[162,148,155],"product_tag":[],"class_list":{"0":"post-12343","1":"product","2":"type-product","3":"status-publish","4":"has-post-thumbnail","6":"product_brand-noma-wood","7":"product_cat-daske-i-pladnjevi","8":"product_cat-dom","9":"product_cat-kuhinja","11":"first","12":"instock","13":"sold-individually","14":"taxable","15":"shipping-taxable","16":"purchasable","17":"product-type-simple"},"_links":{"self":[{"href":"https:\/\/limunstudio.hr\/en\/wp-json\/wp\/v2\/product\/12343","targetHints":{"allow":["GET"]}}],"collection":[{"href":"https:\/\/limunstudio.hr\/en\/wp-json\/wp\/v2\/product"}],"about":[{"href":"https:\/\/limunstudio.hr\/en\/wp-json\/wp\/v2\/types\/product"}],"version-history":[{"count":2,"href":"https:\/\/limunstudio.hr\/en\/wp-json\/wp\/v2\/product\/12343\/revisions"}],"predecessor-version":[{"id":12516,"href":"https:\/\/limunstudio.hr\/en\/wp-json\/wp\/v2\/product\/12343\/revisions\/12516"}],"wp:featuredmedia":[{"embeddable":true,"href":"https:\/\/limunstudio.hr\/en\/wp-json\/wp\/v2\/media\/12079"}],"wp:attachment":[{"href":"https:\/\/limunstudio.hr\/en\/wp-json\/wp\/v2\/media?parent=12343"}],"wp:term":[{"taxonomy":"product_brand","embeddable":true,"href":"https:\/\/limunstudio.hr\/en\/wp-json\/wp\/v2\/product_brand?post=12343"},{"taxonomy":"product_cat","embeddable":true,"href":"https:\/\/limunstudio.hr\/en\/wp-json\/wp\/v2\/product_cat?post=12343"},{"taxonomy":"product_tag","embeddable":true,"href":"https:\/\/limunstudio.hr\/en\/wp-json\/wp\/v2\/product_tag?post=12343"}],"curies":[{"name":"wp","href":"https:\/\/api.w.org\/{rel}","templated":true}]}}