{"id":12339,"date":"2026-03-27T05:54:19","date_gmt":"2026-03-27T05:54:19","guid":{"rendered":"https:\/\/limunstudio.hr\/?post_type=product&#038;p=12339"},"modified":"2026-04-20T15:46:14","modified_gmt":"2026-04-20T15:46:14","slug":"ogrlica-porculanski-privjesak-11","status":"publish","type":"product","link":"https:\/\/limunstudio.hr\/en\/product\/ogrlica-porculanski-privjesak-11\/","title":{"rendered":"Ogrlica porculanski privjesak \u2014 11"},"content":{"rendered":"","protected":false},"excerpt":{"rendered":"<p>Ru\u010dno izra\u0111en nakit od porculana. Ru\u010dno oblikovan i oslikan, s lancem od mesinga. Svaki komad je unikat, a zbog procesa ru\u010dne izrade mogu\u0107a su manja odstupanja. Promjer privjeska 2cm. Du\u017eina lanca 50cm + 6cm produ\u017eetak. Proizvedeno u Hrvatskoj.<\/p>","protected":false},"featured_media":12104,"template":"","meta":{"_seopress_robots_primary_cat":"none","_seopress_titles_title":"","_seopress_titles_desc":"","_seopress_robots_index":"","iawp_total_views":0},"product_brand":[397],"product_cat":[55,105],"product_tag":[],"class_list":{"0":"post-12339","1":"product","2":"type-product","3":"status-publish","4":"has-post-thumbnail","6":"product_brand-doda","7":"product_cat-nakit","8":"product_cat-ogrlice","10":"first","11":"instock","12":"sold-individually","13":"taxable","14":"shipping-taxable","15":"purchasable","16":"product-type-simple"},"_links":{"self":[{"href":"https:\/\/limunstudio.hr\/en\/wp-json\/wp\/v2\/product\/12339","targetHints":{"allow":["GET"]}}],"collection":[{"href":"https:\/\/limunstudio.hr\/en\/wp-json\/wp\/v2\/product"}],"about":[{"href":"https:\/\/limunstudio.hr\/en\/wp-json\/wp\/v2\/types\/product"}],"version-history":[{"count":2,"href":"https:\/\/limunstudio.hr\/en\/wp-json\/wp\/v2\/product\/12339\/revisions"}],"predecessor-version":[{"id":12455,"href":"https:\/\/limunstudio.hr\/en\/wp-json\/wp\/v2\/product\/12339\/revisions\/12455"}],"wp:featuredmedia":[{"embeddable":true,"href":"https:\/\/limunstudio.hr\/en\/wp-json\/wp\/v2\/media\/12104"}],"wp:attachment":[{"href":"https:\/\/limunstudio.hr\/en\/wp-json\/wp\/v2\/media?parent=12339"}],"wp:term":[{"taxonomy":"product_brand","embeddable":true,"href":"https:\/\/limunstudio.hr\/en\/wp-json\/wp\/v2\/product_brand?post=12339"},{"taxonomy":"product_cat","embeddable":true,"href":"https:\/\/limunstudio.hr\/en\/wp-json\/wp\/v2\/product_cat?post=12339"},{"taxonomy":"product_tag","embeddable":true,"href":"https:\/\/limunstudio.hr\/en\/wp-json\/wp\/v2\/product_tag?post=12339"}],"curies":[{"name":"wp","href":"https:\/\/api.w.org\/{rel}","templated":true}]}}