{"id":12330,"date":"2026-03-27T05:51:08","date_gmt":"2026-03-27T05:51:08","guid":{"rendered":"https:\/\/limunstudio.hr\/?post_type=product&#038;p=12330"},"modified":"2026-04-20T15:47:20","modified_gmt":"2026-04-20T15:47:20","slug":"ogrlica-porculanski-privjesak-7","status":"publish","type":"product","link":"https:\/\/limunstudio.hr\/en\/product\/ogrlica-porculanski-privjesak-7\/","title":{"rendered":"Ogrlica porculanski privjesak \u2014 7"},"content":{"rendered":"","protected":false},"excerpt":{"rendered":"<p>Ru\u010dno izra\u0111en nakit od porculana. Ru\u010dno oblikovan i oslikan, s lancem od mesinga. Svaki komad je unikat, a zbog procesa ru\u010dne izrade mogu\u0107a su manja odstupanja. Promjer privjeska 1,5-2cm. Du\u017eina lanca 50cm + 6cm produ\u017eetak. Proizvedeno u Hrvatskoj.<\/p>","protected":false},"featured_media":12100,"template":"","meta":{"_seopress_robots_primary_cat":"none","_seopress_titles_title":"","_seopress_titles_desc":"","_seopress_robots_index":"","iawp_total_views":0},"product_brand":[397],"product_cat":[55,105],"product_tag":[],"class_list":{"0":"post-12330","1":"product","2":"type-product","3":"status-publish","4":"has-post-thumbnail","6":"product_brand-doda","7":"product_cat-nakit","8":"product_cat-ogrlice","10":"first","11":"instock","12":"taxable","13":"shipping-taxable","14":"purchasable","15":"product-type-simple"},"_links":{"self":[{"href":"https:\/\/limunstudio.hr\/en\/wp-json\/wp\/v2\/product\/12330","targetHints":{"allow":["GET"]}}],"collection":[{"href":"https:\/\/limunstudio.hr\/en\/wp-json\/wp\/v2\/product"}],"about":[{"href":"https:\/\/limunstudio.hr\/en\/wp-json\/wp\/v2\/types\/product"}],"version-history":[{"count":2,"href":"https:\/\/limunstudio.hr\/en\/wp-json\/wp\/v2\/product\/12330\/revisions"}],"predecessor-version":[{"id":12459,"href":"https:\/\/limunstudio.hr\/en\/wp-json\/wp\/v2\/product\/12330\/revisions\/12459"}],"wp:featuredmedia":[{"embeddable":true,"href":"https:\/\/limunstudio.hr\/en\/wp-json\/wp\/v2\/media\/12100"}],"wp:attachment":[{"href":"https:\/\/limunstudio.hr\/en\/wp-json\/wp\/v2\/media?parent=12330"}],"wp:term":[{"taxonomy":"product_brand","embeddable":true,"href":"https:\/\/limunstudio.hr\/en\/wp-json\/wp\/v2\/product_brand?post=12330"},{"taxonomy":"product_cat","embeddable":true,"href":"https:\/\/limunstudio.hr\/en\/wp-json\/wp\/v2\/product_cat?post=12330"},{"taxonomy":"product_tag","embeddable":true,"href":"https:\/\/limunstudio.hr\/en\/wp-json\/wp\/v2\/product_tag?post=12330"}],"curies":[{"name":"wp","href":"https:\/\/api.w.org\/{rel}","templated":true}]}}