{"id":12286,"date":"2026-03-26T22:55:10","date_gmt":"2026-03-26T22:55:10","guid":{"rendered":"https:\/\/limunstudio.hr\/?post_type=product&#038;p=12286"},"modified":"2026-04-20T13:56:18","modified_gmt":"2026-04-20T13:56:18","slug":"porculanski-bros-2","status":"publish","type":"product","link":"https:\/\/limunstudio.hr\/en\/product\/porculanski-bros-2\/","title":{"rendered":"Porculanski bro\u0161 \u2014 02"},"content":{"rendered":"","protected":false},"excerpt":{"rendered":"<p>Ru\u010dno izra\u0111en bro\u0161 od porculana. Ru\u010dno oblikovan i oslikan. Svaki komad je unikat, a zbog procesa ru\u010dne izrade mogu\u0107a su manja odstupanja. Promjer privjeska 3cm. Proizvedeno u Hrvatskoj.<\/p>","protected":false},"featured_media":12093,"template":"","meta":{"_seopress_robots_primary_cat":"none","_seopress_titles_title":"","_seopress_titles_desc":"","_seopress_robots_index":"","iawp_total_views":0},"product_brand":[397],"product_cat":[136,131,127,55],"product_tag":[],"class_list":{"0":"post-12286","1":"product","2":"type-product","3":"status-publish","4":"has-post-thumbnail","6":"product_brand-doda","7":"product_cat-brosevi","8":"product_cat-dodaci","9":"product_cat-moda","10":"product_cat-nakit","12":"first","13":"instock","14":"taxable","15":"shipping-taxable","16":"purchasable","17":"product-type-simple"},"_links":{"self":[{"href":"https:\/\/limunstudio.hr\/en\/wp-json\/wp\/v2\/product\/12286","targetHints":{"allow":["GET"]}}],"collection":[{"href":"https:\/\/limunstudio.hr\/en\/wp-json\/wp\/v2\/product"}],"about":[{"href":"https:\/\/limunstudio.hr\/en\/wp-json\/wp\/v2\/types\/product"}],"version-history":[{"count":3,"href":"https:\/\/limunstudio.hr\/en\/wp-json\/wp\/v2\/product\/12286\/revisions"}],"predecessor-version":[{"id":14052,"href":"https:\/\/limunstudio.hr\/en\/wp-json\/wp\/v2\/product\/12286\/revisions\/14052"}],"wp:featuredmedia":[{"embeddable":true,"href":"https:\/\/limunstudio.hr\/en\/wp-json\/wp\/v2\/media\/12093"}],"wp:attachment":[{"href":"https:\/\/limunstudio.hr\/en\/wp-json\/wp\/v2\/media?parent=12286"}],"wp:term":[{"taxonomy":"product_brand","embeddable":true,"href":"https:\/\/limunstudio.hr\/en\/wp-json\/wp\/v2\/product_brand?post=12286"},{"taxonomy":"product_cat","embeddable":true,"href":"https:\/\/limunstudio.hr\/en\/wp-json\/wp\/v2\/product_cat?post=12286"},{"taxonomy":"product_tag","embeddable":true,"href":"https:\/\/limunstudio.hr\/en\/wp-json\/wp\/v2\/product_tag?post=12286"}],"curies":[{"name":"wp","href":"https:\/\/api.w.org\/{rel}","templated":true}]}}