{"id":12278,"date":"2026-03-26T22:49:45","date_gmt":"2026-03-26T22:49:45","guid":{"rendered":"https:\/\/limunstudio.hr\/?post_type=product&#038;p=12278"},"modified":"2026-04-07T17:50:54","modified_gmt":"2026-04-07T17:50:54","slug":"drvena-vaza-2","status":"publish","type":"product","link":"https:\/\/limunstudio.hr\/en\/product\/drvena-vaza-2\/","title":{"rendered":"Drvena vaza \u2014 2"},"content":{"rendered":"","protected":false},"excerpt":{"rendered":"<p data-start=\"462\" data-end=\"683\">Ru\u010dno izra\u0111ena drvena vaza od oraha, proizvedena u Hrvatskoj. Prirodni materijal i pa\u017eljiva obrada osiguravaju dugotrajnost i otpornost. Svaki komad je unikatan. Samo za suho cvije\u0107e, nije za vodu. Proizvod dolazi iz male radionice, gdje se njeguje tradicija ru\u010dne obrade drva i kvaliteta doma\u0107e proizvodnje.<\/p>","protected":false},"featured_media":12109,"template":"","meta":{"_seopress_robots_primary_cat":"none","_seopress_titles_title":"","_seopress_titles_desc":"","_seopress_robots_index":"","iawp_total_views":0},"product_brand":[395],"product_cat":[156,148,172],"product_tag":[],"class_list":{"0":"post-12278","1":"product","2":"type-product","3":"status-publish","4":"has-post-thumbnail","6":"product_brand-noma-wood","7":"product_cat-dekori-za-dom","8":"product_cat-dom","9":"product_cat-vaze","11":"first","12":"outofstock","13":"taxable","14":"shipping-taxable","15":"purchasable","16":"product-type-simple"},"_links":{"self":[{"href":"https:\/\/limunstudio.hr\/en\/wp-json\/wp\/v2\/product\/12278","targetHints":{"allow":["GET"]}}],"collection":[{"href":"https:\/\/limunstudio.hr\/en\/wp-json\/wp\/v2\/product"}],"about":[{"href":"https:\/\/limunstudio.hr\/en\/wp-json\/wp\/v2\/types\/product"}],"version-history":[{"count":2,"href":"https:\/\/limunstudio.hr\/en\/wp-json\/wp\/v2\/product\/12278\/revisions"}],"predecessor-version":[{"id":12612,"href":"https:\/\/limunstudio.hr\/en\/wp-json\/wp\/v2\/product\/12278\/revisions\/12612"}],"wp:featuredmedia":[{"embeddable":true,"href":"https:\/\/limunstudio.hr\/en\/wp-json\/wp\/v2\/media\/12109"}],"wp:attachment":[{"href":"https:\/\/limunstudio.hr\/en\/wp-json\/wp\/v2\/media?parent=12278"}],"wp:term":[{"taxonomy":"product_brand","embeddable":true,"href":"https:\/\/limunstudio.hr\/en\/wp-json\/wp\/v2\/product_brand?post=12278"},{"taxonomy":"product_cat","embeddable":true,"href":"https:\/\/limunstudio.hr\/en\/wp-json\/wp\/v2\/product_cat?post=12278"},{"taxonomy":"product_tag","embeddable":true,"href":"https:\/\/limunstudio.hr\/en\/wp-json\/wp\/v2\/product_tag?post=12278"}],"curies":[{"name":"wp","href":"https:\/\/api.w.org\/{rel}","templated":true}]}}