{"id":12268,"date":"2026-03-26T22:38:29","date_gmt":"2026-03-26T22:38:29","guid":{"rendered":"https:\/\/limunstudio.hr\/?post_type=product&#038;p=12268"},"modified":"2026-04-20T15:50:11","modified_gmt":"2026-04-20T15:50:11","slug":"nausnice-vez-11","status":"publish","type":"product","link":"https:\/\/limunstudio.hr\/en\/product\/nausnice-vez-11\/","title":{"rendered":"Nau\u0161nice VEZ \u2014 11"},"content":{"rendered":"","protected":false},"excerpt":{"rendered":"<p>Ru\u010dno ra\u0111eni nakit s etno motivima, inspiriran hrvatskom tradicijom. Svaki komad je unikat. Proizvedeno u Hrvatskoj. U slu\u010daju ponovne izrade istog modela mogu\u0107a su manja odstupanja. Promjer nau\u0161nice 2cm.<\/p>","protected":false},"featured_media":12147,"template":"","meta":{"_seopress_robots_primary_cat":"none","_seopress_titles_title":"","_seopress_titles_desc":"","_seopress_robots_index":"","iawp_total_views":0},"product_brand":[314],"product_cat":[55,107],"product_tag":[],"class_list":{"0":"post-12268","1":"product","2":"type-product","3":"status-publish","4":"has-post-thumbnail","6":"product_brand-ethnotina","7":"product_cat-nakit","8":"product_cat-nausnice","10":"first","11":"instock","12":"sold-individually","13":"taxable","14":"shipping-taxable","15":"purchasable","16":"product-type-simple"},"_links":{"self":[{"href":"https:\/\/limunstudio.hr\/en\/wp-json\/wp\/v2\/product\/12268","targetHints":{"allow":["GET"]}}],"collection":[{"href":"https:\/\/limunstudio.hr\/en\/wp-json\/wp\/v2\/product"}],"about":[{"href":"https:\/\/limunstudio.hr\/en\/wp-json\/wp\/v2\/types\/product"}],"version-history":[{"count":2,"href":"https:\/\/limunstudio.hr\/en\/wp-json\/wp\/v2\/product\/12268\/revisions"}],"predecessor-version":[{"id":12441,"href":"https:\/\/limunstudio.hr\/en\/wp-json\/wp\/v2\/product\/12268\/revisions\/12441"}],"wp:featuredmedia":[{"embeddable":true,"href":"https:\/\/limunstudio.hr\/en\/wp-json\/wp\/v2\/media\/12147"}],"wp:attachment":[{"href":"https:\/\/limunstudio.hr\/en\/wp-json\/wp\/v2\/media?parent=12268"}],"wp:term":[{"taxonomy":"product_brand","embeddable":true,"href":"https:\/\/limunstudio.hr\/en\/wp-json\/wp\/v2\/product_brand?post=12268"},{"taxonomy":"product_cat","embeddable":true,"href":"https:\/\/limunstudio.hr\/en\/wp-json\/wp\/v2\/product_cat?post=12268"},{"taxonomy":"product_tag","embeddable":true,"href":"https:\/\/limunstudio.hr\/en\/wp-json\/wp\/v2\/product_tag?post=12268"}],"curies":[{"name":"wp","href":"https:\/\/api.w.org\/{rel}","templated":true}]}}