{"id":12258,"date":"2026-03-26T22:36:06","date_gmt":"2026-03-26T22:36:06","guid":{"rendered":"https:\/\/limunstudio.hr\/?post_type=product&#038;p=12258"},"modified":"2026-04-30T10:22:58","modified_gmt":"2026-04-30T08:22:58","slug":"nausnice-vez-06","status":"publish","type":"product","link":"https:\/\/limunstudio.hr\/en\/product\/nausnice-vez-06\/","title":{"rendered":"Nau\u0161nice VEZ \u2014 06"},"content":{"rendered":"","protected":false},"excerpt":{"rendered":"<p>Ru\u010dno ra\u0111eni nakit s etno motivima, inspiriran hrvatskom tradicijom. Svaki komad je unikat. Proizvedeno u Hrvatskoj. U slu\u010daju ponovne izrade istog modela mogu\u0107a su manja odstupanja. Promjer nau\u0161nice 2cm.<\/p>","protected":false},"featured_media":12142,"template":"","meta":{"_seopress_robots_primary_cat":"none","_seopress_titles_title":"","_seopress_titles_desc":"","_seopress_robots_index":"","iawp_total_views":2},"product_brand":[314],"product_cat":[55,107],"product_tag":[],"class_list":{"0":"post-12258","1":"product","2":"type-product","3":"status-publish","4":"has-post-thumbnail","6":"product_brand-ethnotina","7":"product_cat-nakit","8":"product_cat-nausnice","10":"first","11":"instock","12":"sold-individually","13":"taxable","14":"shipping-taxable","15":"purchasable","16":"product-type-simple"},"_links":{"self":[{"href":"https:\/\/limunstudio.hr\/en\/wp-json\/wp\/v2\/product\/12258","targetHints":{"allow":["GET"]}}],"collection":[{"href":"https:\/\/limunstudio.hr\/en\/wp-json\/wp\/v2\/product"}],"about":[{"href":"https:\/\/limunstudio.hr\/en\/wp-json\/wp\/v2\/types\/product"}],"version-history":[{"count":3,"href":"https:\/\/limunstudio.hr\/en\/wp-json\/wp\/v2\/product\/12258\/revisions"}],"predecessor-version":[{"id":14516,"href":"https:\/\/limunstudio.hr\/en\/wp-json\/wp\/v2\/product\/12258\/revisions\/14516"}],"wp:featuredmedia":[{"embeddable":true,"href":"https:\/\/limunstudio.hr\/en\/wp-json\/wp\/v2\/media\/12142"}],"wp:attachment":[{"href":"https:\/\/limunstudio.hr\/en\/wp-json\/wp\/v2\/media?parent=12258"}],"wp:term":[{"taxonomy":"product_brand","embeddable":true,"href":"https:\/\/limunstudio.hr\/en\/wp-json\/wp\/v2\/product_brand?post=12258"},{"taxonomy":"product_cat","embeddable":true,"href":"https:\/\/limunstudio.hr\/en\/wp-json\/wp\/v2\/product_cat?post=12258"},{"taxonomy":"product_tag","embeddable":true,"href":"https:\/\/limunstudio.hr\/en\/wp-json\/wp\/v2\/product_tag?post=12258"}],"curies":[{"name":"wp","href":"https:\/\/api.w.org\/{rel}","templated":true}]}}