{"id":12254,"date":"2026-03-26T22:35:08","date_gmt":"2026-03-26T22:35:08","guid":{"rendered":"https:\/\/limunstudio.hr\/?post_type=product&#038;p=12254"},"modified":"2026-04-30T10:22:48","modified_gmt":"2026-04-30T08:22:48","slug":"nausnice-vez-04","status":"publish","type":"product","link":"https:\/\/limunstudio.hr\/en\/product\/nausnice-vez-04\/","title":{"rendered":"Nau\u0161nice VEZ \u2014 04"},"content":{"rendered":"","protected":false},"excerpt":{"rendered":"<p>Ru\u010dno ra\u0111eni nakit s etno motivima, inspiriran hrvatskom tradicijom. Svaki komad je unikat. Proizvedeno u Hrvatskoj. U slu\u010daju ponovne izrade istog modela mogu\u0107a su manja odstupanja. Promjer nau\u0161nice 2cm.<\/p>","protected":false},"featured_media":12140,"template":"","meta":{"_seopress_robots_primary_cat":"none","_seopress_titles_title":"","_seopress_titles_desc":"","_seopress_robots_index":"","iawp_total_views":0},"product_brand":[314],"product_cat":[55,107],"product_tag":[],"class_list":{"0":"post-12254","1":"product","2":"type-product","3":"status-publish","4":"has-post-thumbnail","6":"product_brand-ethnotina","7":"product_cat-nakit","8":"product_cat-nausnice","10":"first","11":"outofstock","12":"taxable","13":"shipping-taxable","14":"purchasable","15":"product-type-simple"},"_links":{"self":[{"href":"https:\/\/limunstudio.hr\/en\/wp-json\/wp\/v2\/product\/12254","targetHints":{"allow":["GET"]}}],"collection":[{"href":"https:\/\/limunstudio.hr\/en\/wp-json\/wp\/v2\/product"}],"about":[{"href":"https:\/\/limunstudio.hr\/en\/wp-json\/wp\/v2\/types\/product"}],"version-history":[{"count":3,"href":"https:\/\/limunstudio.hr\/en\/wp-json\/wp\/v2\/product\/12254\/revisions"}],"predecessor-version":[{"id":14514,"href":"https:\/\/limunstudio.hr\/en\/wp-json\/wp\/v2\/product\/12254\/revisions\/14514"}],"wp:featuredmedia":[{"embeddable":true,"href":"https:\/\/limunstudio.hr\/en\/wp-json\/wp\/v2\/media\/12140"}],"wp:attachment":[{"href":"https:\/\/limunstudio.hr\/en\/wp-json\/wp\/v2\/media?parent=12254"}],"wp:term":[{"taxonomy":"product_brand","embeddable":true,"href":"https:\/\/limunstudio.hr\/en\/wp-json\/wp\/v2\/product_brand?post=12254"},{"taxonomy":"product_cat","embeddable":true,"href":"https:\/\/limunstudio.hr\/en\/wp-json\/wp\/v2\/product_cat?post=12254"},{"taxonomy":"product_tag","embeddable":true,"href":"https:\/\/limunstudio.hr\/en\/wp-json\/wp\/v2\/product_tag?post=12254"}],"curies":[{"name":"wp","href":"https:\/\/api.w.org\/{rel}","templated":true}]}}