{"id":12236,"date":"2026-03-26T22:26:07","date_gmt":"2026-03-26T22:26:07","guid":{"rendered":"https:\/\/limunstudio.hr\/?post_type=product&#038;p=12236"},"modified":"2026-04-20T08:49:55","modified_gmt":"2026-04-20T08:49:55","slug":"sal-mali-tamni-1","status":"publish","type":"product","link":"https:\/\/limunstudio.hr\/en\/product\/sal-mali-tamni-1\/","title":{"rendered":"\u0160al \u2014 mali tamni 1"},"content":{"rendered":"","protected":false},"excerpt":{"rendered":"<p><span dir=\"auto\">Ru\u010dno izra\u0111eni \u0161al na drvenom tkala\u010dkom stanu. Svaki komad je unikatan. Proizvedeno u Hrvatskoj. Spoj tradicionalnih tehnika i modernih uzoraka. 100% pamuk\u00a0<\/span><\/p>","protected":false},"featured_media":12168,"template":"","meta":{"_seopress_robots_primary_cat":"none","_seopress_titles_title":"","_seopress_titles_desc":"","_seopress_robots_index":"","iawp_total_views":5},"product_brand":[369],"product_cat":[132],"product_tag":[],"class_list":{"0":"post-12236","1":"product","2":"type-product","3":"status-publish","4":"has-post-thumbnail","6":"product_brand-mativ","7":"product_cat-salovi","9":"first","10":"instock","11":"sold-individually","12":"taxable","13":"shipping-taxable","14":"purchasable","15":"product-type-simple"},"_links":{"self":[{"href":"https:\/\/limunstudio.hr\/en\/wp-json\/wp\/v2\/product\/12236","targetHints":{"allow":["GET"]}}],"collection":[{"href":"https:\/\/limunstudio.hr\/en\/wp-json\/wp\/v2\/product"}],"about":[{"href":"https:\/\/limunstudio.hr\/en\/wp-json\/wp\/v2\/types\/product"}],"version-history":[{"count":3,"href":"https:\/\/limunstudio.hr\/en\/wp-json\/wp\/v2\/product\/12236\/revisions"}],"predecessor-version":[{"id":12482,"href":"https:\/\/limunstudio.hr\/en\/wp-json\/wp\/v2\/product\/12236\/revisions\/12482"}],"wp:featuredmedia":[{"embeddable":true,"href":"https:\/\/limunstudio.hr\/en\/wp-json\/wp\/v2\/media\/12168"}],"wp:attachment":[{"href":"https:\/\/limunstudio.hr\/en\/wp-json\/wp\/v2\/media?parent=12236"}],"wp:term":[{"taxonomy":"product_brand","embeddable":true,"href":"https:\/\/limunstudio.hr\/en\/wp-json\/wp\/v2\/product_brand?post=12236"},{"taxonomy":"product_cat","embeddable":true,"href":"https:\/\/limunstudio.hr\/en\/wp-json\/wp\/v2\/product_cat?post=12236"},{"taxonomy":"product_tag","embeddable":true,"href":"https:\/\/limunstudio.hr\/en\/wp-json\/wp\/v2\/product_tag?post=12236"}],"curies":[{"name":"wp","href":"https:\/\/api.w.org\/{rel}","templated":true}]}}