{"id":12222,"date":"2026-03-26T22:18:59","date_gmt":"2026-03-26T22:18:59","guid":{"rendered":"https:\/\/limunstudio.hr\/?post_type=product&#038;p=12222"},"modified":"2026-04-20T08:49:55","modified_gmt":"2026-04-20T08:49:55","slug":"sal-mali-narancasti","status":"publish","type":"product","link":"https:\/\/limunstudio.hr\/en\/product\/sal-mali-narancasti\/","title":{"rendered":"\u0160al \u2014 mali naran\u010dasti"},"content":{"rendered":"","protected":false},"excerpt":{"rendered":"<p><span dir=\"auto\">Ru\u010dno izra\u0111eni \u0161al na drvenom tkala\u010dkom stanu. Svaki komad je unikatan. Proizvedeno u Hrvatskoj. Spoj tradicionalnih tehnika i modernih uzoraka. 100% pamuk\u00a0<\/span><\/p>","protected":false},"featured_media":12182,"template":"","meta":{"_seopress_robots_primary_cat":"none","_seopress_titles_title":"","_seopress_titles_desc":"","_seopress_robots_index":"","iawp_total_views":4},"product_brand":[369],"product_cat":[132],"product_tag":[],"class_list":{"0":"post-12222","1":"product","2":"type-product","3":"status-publish","4":"has-post-thumbnail","6":"product_brand-mativ","7":"product_cat-salovi","9":"first","10":"instock","11":"sold-individually","12":"taxable","13":"shipping-taxable","14":"purchasable","15":"product-type-simple"},"_links":{"self":[{"href":"https:\/\/limunstudio.hr\/en\/wp-json\/wp\/v2\/product\/12222","targetHints":{"allow":["GET"]}}],"collection":[{"href":"https:\/\/limunstudio.hr\/en\/wp-json\/wp\/v2\/product"}],"about":[{"href":"https:\/\/limunstudio.hr\/en\/wp-json\/wp\/v2\/types\/product"}],"version-history":[{"count":2,"href":"https:\/\/limunstudio.hr\/en\/wp-json\/wp\/v2\/product\/12222\/revisions"}],"predecessor-version":[{"id":12489,"href":"https:\/\/limunstudio.hr\/en\/wp-json\/wp\/v2\/product\/12222\/revisions\/12489"}],"wp:featuredmedia":[{"embeddable":true,"href":"https:\/\/limunstudio.hr\/en\/wp-json\/wp\/v2\/media\/12182"}],"wp:attachment":[{"href":"https:\/\/limunstudio.hr\/en\/wp-json\/wp\/v2\/media?parent=12222"}],"wp:term":[{"taxonomy":"product_brand","embeddable":true,"href":"https:\/\/limunstudio.hr\/en\/wp-json\/wp\/v2\/product_brand?post=12222"},{"taxonomy":"product_cat","embeddable":true,"href":"https:\/\/limunstudio.hr\/en\/wp-json\/wp\/v2\/product_cat?post=12222"},{"taxonomy":"product_tag","embeddable":true,"href":"https:\/\/limunstudio.hr\/en\/wp-json\/wp\/v2\/product_tag?post=12222"}],"curies":[{"name":"wp","href":"https:\/\/api.w.org\/{rel}","templated":true}]}}