{"id":12191,"date":"2026-03-26T16:01:21","date_gmt":"2026-03-26T16:01:21","guid":{"rendered":"https:\/\/limunstudio.hr\/?post_type=product&#038;p=12191"},"modified":"2026-04-30T10:23:39","modified_gmt":"2026-04-30T08:23:39","slug":"original-magnet-zagreb-katedrala","status":"publish","type":"product","link":"https:\/\/limunstudio.hr\/en\/product\/original-magnet-zagreb-katedrala\/","title":{"rendered":"Origina magnet \u2014 Zagreba\u010dka katedrala"},"content":{"rendered":"","protected":false},"excerpt":{"rendered":"<p>Ru\u010dno oslikan magnet. Svaki komad je jedinstven i mogu\u0107a su minimalna odstupanja u detaljima u odnosu na fotografiju.<\/p>","protected":false},"featured_media":12155,"template":"","meta":{"_seopress_robots_primary_cat":"none","_seopress_titles_title":"","_seopress_titles_desc":"","_seopress_robots_index":"","iawp_total_views":0},"product_brand":[312],"product_cat":[156,148,115,118,173,57],"product_tag":[],"class_list":{"0":"post-12191","1":"product","2":"type-product","3":"status-publish","4":"has-post-thumbnail","6":"product_brand-anja-jelavic-art","7":"product_cat-dekori-za-dom","8":"product_cat-dom","9":"product_cat-originali","10":"product_cat-ukrasi-za-zid","11":"product_cat-ukrasni-predmeti","12":"product_cat-zidni-dekor","13":"pa_kolekcija-zagreb-line","15":"first","16":"instock","17":"taxable","18":"shipping-taxable","19":"purchasable","20":"product-type-variable"},"_links":{"self":[{"href":"https:\/\/limunstudio.hr\/en\/wp-json\/wp\/v2\/product\/12191","targetHints":{"allow":["GET"]}}],"collection":[{"href":"https:\/\/limunstudio.hr\/en\/wp-json\/wp\/v2\/product"}],"about":[{"href":"https:\/\/limunstudio.hr\/en\/wp-json\/wp\/v2\/types\/product"}],"version-history":[{"count":7,"href":"https:\/\/limunstudio.hr\/en\/wp-json\/wp\/v2\/product\/12191\/revisions"}],"predecessor-version":[{"id":14520,"href":"https:\/\/limunstudio.hr\/en\/wp-json\/wp\/v2\/product\/12191\/revisions\/14520"}],"wp:featuredmedia":[{"embeddable":true,"href":"https:\/\/limunstudio.hr\/en\/wp-json\/wp\/v2\/media\/12155"}],"wp:attachment":[{"href":"https:\/\/limunstudio.hr\/en\/wp-json\/wp\/v2\/media?parent=12191"}],"wp:term":[{"taxonomy":"product_brand","embeddable":true,"href":"https:\/\/limunstudio.hr\/en\/wp-json\/wp\/v2\/product_brand?post=12191"},{"taxonomy":"product_cat","embeddable":true,"href":"https:\/\/limunstudio.hr\/en\/wp-json\/wp\/v2\/product_cat?post=12191"},{"taxonomy":"product_tag","embeddable":true,"href":"https:\/\/limunstudio.hr\/en\/wp-json\/wp\/v2\/product_tag?post=12191"}],"curies":[{"name":"wp","href":"https:\/\/api.w.org\/{rel}","templated":true}]}}