{"id":12038,"date":"2026-03-24T18:02:21","date_gmt":"2026-03-24T18:02:21","guid":{"rendered":"https:\/\/limunstudio.hr\/?post_type=product&#038;p=12038"},"modified":"2026-04-23T21:32:30","modified_gmt":"2026-04-23T19:32:30","slug":"majica-dugi-rukav-srce","status":"publish","type":"product","link":"https:\/\/limunstudio.hr\/en\/product\/majica-dugi-rukav-srce\/","title":{"rendered":"Majica dugi rukav \u2014 Srce"},"content":{"rendered":"","protected":false},"excerpt":{"rendered":"<p>Unisex pamu\u010dna majica s okruglim izrezom i modernim, srednje velikim krojem. Udobna, kvalitetna i idealna za svakodnevno no\u0161enje. Dizajnirana u Hrvatskoj i izra\u0111ena od visokokvalitetnog 100 % organskog pamuka. Unutra\u0161njost je \u010detkana za ugodan osje\u0107aj. Digitalni tisak izvana. Kvalitetna izrada s dvostrukim \u0161avovima na otvorima za ruke i rubovima.<\/p>","protected":false},"featured_media":12163,"template":"","meta":{"_seopress_robots_primary_cat":"none","_seopress_titles_title":"","_seopress_titles_desc":"","_seopress_robots_index":"","iawp_total_views":1},"product_brand":[73],"product_cat":[130,127,128],"product_tag":[],"class_list":{"0":"post-12038","1":"product","2":"type-product","3":"status-publish","4":"has-post-thumbnail","6":"product_brand-mmyh","7":"product_cat-majice-dugi-rukav","8":"product_cat-moda","9":"product_cat-odjeca","11":"first","12":"instock","13":"taxable","14":"shipping-taxable","15":"purchasable","16":"product-type-variable"},"_links":{"self":[{"href":"https:\/\/limunstudio.hr\/en\/wp-json\/wp\/v2\/product\/12038","targetHints":{"allow":["GET"]}}],"collection":[{"href":"https:\/\/limunstudio.hr\/en\/wp-json\/wp\/v2\/product"}],"about":[{"href":"https:\/\/limunstudio.hr\/en\/wp-json\/wp\/v2\/types\/product"}],"version-history":[{"count":2,"href":"https:\/\/limunstudio.hr\/en\/wp-json\/wp\/v2\/product\/12038\/revisions"}],"predecessor-version":[{"id":12502,"href":"https:\/\/limunstudio.hr\/en\/wp-json\/wp\/v2\/product\/12038\/revisions\/12502"}],"wp:featuredmedia":[{"embeddable":true,"href":"https:\/\/limunstudio.hr\/en\/wp-json\/wp\/v2\/media\/12163"}],"wp:attachment":[{"href":"https:\/\/limunstudio.hr\/en\/wp-json\/wp\/v2\/media?parent=12038"}],"wp:term":[{"taxonomy":"product_brand","embeddable":true,"href":"https:\/\/limunstudio.hr\/en\/wp-json\/wp\/v2\/product_brand?post=12038"},{"taxonomy":"product_cat","embeddable":true,"href":"https:\/\/limunstudio.hr\/en\/wp-json\/wp\/v2\/product_cat?post=12038"},{"taxonomy":"product_tag","embeddable":true,"href":"https:\/\/limunstudio.hr\/en\/wp-json\/wp\/v2\/product_tag?post=12038"}],"curies":[{"name":"wp","href":"https:\/\/api.w.org\/{rel}","templated":true}]}}