{"id":12024,"date":"2026-03-24T15:05:45","date_gmt":"2026-03-24T15:05:45","guid":{"rendered":"https:\/\/limunstudio.hr\/?post_type=product&#038;p=12024"},"modified":"2026-04-20T14:45:59","modified_gmt":"2026-04-20T14:45:59","slug":"aroma-lampa-velika-4","status":"publish","type":"product","link":"https:\/\/limunstudio.hr\/en\/product\/aroma-lampa-velika-4\/","title":{"rendered":"Aroma lampa VELIKA \u2014 4"},"content":{"rendered":"","protected":false},"excerpt":{"rendered":"<p>Ru\u010dno izra\u0111ena kerami\u010dka aroma lampa iz malog kerami\u010dkog ateljea. Svaki komad je unikatan. Proizvedeno u Hrvatskoj. U slu\u010daju ponovne izrade istog modela mogu\u0107a su manja odstupanja.<\/p>","protected":false},"featured_media":11770,"template":"","meta":{"_seopress_robots_primary_cat":"none","_seopress_titles_title":"","_seopress_titles_desc":"","_seopress_robots_index":"","iawp_total_views":0},"product_brand":[368],"product_cat":[177,148,157],"product_tag":[],"class_list":{"0":"post-12024","1":"product","2":"type-product","3":"status-publish","4":"has-post-thumbnail","6":"product_brand-berga","7":"product_cat-aroma-lampe","8":"product_cat-dom","9":"product_cat-svijece-i-mirisi","11":"first","12":"instock","13":"taxable","14":"shipping-taxable","15":"purchasable","16":"product-type-simple"},"_links":{"self":[{"href":"https:\/\/limunstudio.hr\/en\/wp-json\/wp\/v2\/product\/12024","targetHints":{"allow":["GET"]}}],"collection":[{"href":"https:\/\/limunstudio.hr\/en\/wp-json\/wp\/v2\/product"}],"about":[{"href":"https:\/\/limunstudio.hr\/en\/wp-json\/wp\/v2\/types\/product"}],"version-history":[{"count":3,"href":"https:\/\/limunstudio.hr\/en\/wp-json\/wp\/v2\/product\/12024\/revisions"}],"predecessor-version":[{"id":12743,"href":"https:\/\/limunstudio.hr\/en\/wp-json\/wp\/v2\/product\/12024\/revisions\/12743"}],"wp:featuredmedia":[{"embeddable":true,"href":"https:\/\/limunstudio.hr\/en\/wp-json\/wp\/v2\/media\/11770"}],"wp:attachment":[{"href":"https:\/\/limunstudio.hr\/en\/wp-json\/wp\/v2\/media?parent=12024"}],"wp:term":[{"taxonomy":"product_brand","embeddable":true,"href":"https:\/\/limunstudio.hr\/en\/wp-json\/wp\/v2\/product_brand?post=12024"},{"taxonomy":"product_cat","embeddable":true,"href":"https:\/\/limunstudio.hr\/en\/wp-json\/wp\/v2\/product_cat?post=12024"},{"taxonomy":"product_tag","embeddable":true,"href":"https:\/\/limunstudio.hr\/en\/wp-json\/wp\/v2\/product_tag?post=12024"}],"curies":[{"name":"wp","href":"https:\/\/api.w.org\/{rel}","templated":true}]}}