{"id":11991,"date":"2026-03-24T14:23:58","date_gmt":"2026-03-24T14:23:58","guid":{"rendered":"https:\/\/limunstudio.hr\/?post_type=product&#038;p=11991"},"modified":"2026-04-20T13:53:29","modified_gmt":"2026-04-20T13:53:29","slug":"stakleni-bros-2","status":"publish","type":"product","link":"https:\/\/limunstudio.hr\/en\/product\/stakleni-bros-2\/","title":{"rendered":"Stakleni bro\u0161 \u2014 Sova crna"},"content":{"rendered":"","protected":false},"excerpt":{"rendered":"<p>Stakleni bro\u0161 ru\u010dne izrade u Tiffany tehnici, s posebnim vizualnim efektom zbog boja i refleksije svjetla. Svaki bro\u0161 je unikatan, a u slu\u010daju ponovne izrade mo\u017ee se minimalno razlikovati u boji ili detaljima. Proizvedeno u Hrvatskoj.<\/p>","protected":false},"featured_media":11778,"template":"","meta":{"_seopress_robots_primary_cat":"none","_seopress_titles_title":"","_seopress_titles_desc":"","_seopress_robots_index":"","iawp_total_views":0},"product_brand":[398],"product_cat":[136,55],"product_tag":[],"class_list":{"0":"post-11991","1":"product","2":"type-product","3":"status-publish","4":"has-post-thumbnail","6":"product_brand-glassland","7":"product_cat-brosevi","8":"product_cat-nakit","10":"first","11":"instock","12":"sold-individually","13":"taxable","14":"shipping-taxable","15":"purchasable","16":"product-type-simple"},"_links":{"self":[{"href":"https:\/\/limunstudio.hr\/en\/wp-json\/wp\/v2\/product\/11991","targetHints":{"allow":["GET"]}}],"collection":[{"href":"https:\/\/limunstudio.hr\/en\/wp-json\/wp\/v2\/product"}],"about":[{"href":"https:\/\/limunstudio.hr\/en\/wp-json\/wp\/v2\/types\/product"}],"version-history":[{"count":4,"href":"https:\/\/limunstudio.hr\/en\/wp-json\/wp\/v2\/product\/11991\/revisions"}],"predecessor-version":[{"id":12528,"href":"https:\/\/limunstudio.hr\/en\/wp-json\/wp\/v2\/product\/11991\/revisions\/12528"}],"wp:featuredmedia":[{"embeddable":true,"href":"https:\/\/limunstudio.hr\/en\/wp-json\/wp\/v2\/media\/11778"}],"wp:attachment":[{"href":"https:\/\/limunstudio.hr\/en\/wp-json\/wp\/v2\/media?parent=11991"}],"wp:term":[{"taxonomy":"product_brand","embeddable":true,"href":"https:\/\/limunstudio.hr\/en\/wp-json\/wp\/v2\/product_brand?post=11991"},{"taxonomy":"product_cat","embeddable":true,"href":"https:\/\/limunstudio.hr\/en\/wp-json\/wp\/v2\/product_cat?post=11991"},{"taxonomy":"product_tag","embeddable":true,"href":"https:\/\/limunstudio.hr\/en\/wp-json\/wp\/v2\/product_tag?post=11991"}],"curies":[{"name":"wp","href":"https:\/\/api.w.org\/{rel}","templated":true}]}}