{"id":11954,"date":"2026-03-24T14:06:16","date_gmt":"2026-03-24T14:06:16","guid":{"rendered":"https:\/\/limunstudio.hr\/?post_type=product&#038;p=11954"},"modified":"2026-04-21T09:19:16","modified_gmt":"2026-04-21T09:19:16","slug":"daska-za-posluzivanje-1","status":"publish","type":"product","link":"https:\/\/limunstudio.hr\/en\/product\/daska-za-posluzivanje-1\/","title":{"rendered":"Daska za poslu\u017eivanje \u2014 01"},"content":{"rendered":"","protected":false},"excerpt":{"rendered":"<p>Ru\u010dno izra\u0111ena kerami\u010dka daska za poslu\u017eivanje. Unikatan komad, proizvedeno u Hrvatskoj.<\/p>","protected":false},"featured_media":11815,"template":"","meta":{"_seopress_robots_primary_cat":"none","_seopress_titles_title":"","_seopress_titles_desc":"","_seopress_robots_index":"","iawp_total_views":0},"product_brand":[302],"product_cat":[162,148,155],"product_tag":[],"class_list":{"0":"post-11954","1":"product","2":"type-product","3":"status-publish","4":"has-post-thumbnail","6":"product_brand-5th","7":"product_cat-daske-i-pladnjevi","8":"product_cat-dom","9":"product_cat-kuhinja","11":"first","12":"instock","13":"sold-individually","14":"taxable","15":"shipping-taxable","16":"purchasable","17":"product-type-simple"},"_links":{"self":[{"href":"https:\/\/limunstudio.hr\/en\/wp-json\/wp\/v2\/product\/11954","targetHints":{"allow":["GET"]}}],"collection":[{"href":"https:\/\/limunstudio.hr\/en\/wp-json\/wp\/v2\/product"}],"about":[{"href":"https:\/\/limunstudio.hr\/en\/wp-json\/wp\/v2\/types\/product"}],"version-history":[{"count":3,"href":"https:\/\/limunstudio.hr\/en\/wp-json\/wp\/v2\/product\/11954\/revisions"}],"predecessor-version":[{"id":14063,"href":"https:\/\/limunstudio.hr\/en\/wp-json\/wp\/v2\/product\/11954\/revisions\/14063"}],"wp:featuredmedia":[{"embeddable":true,"href":"https:\/\/limunstudio.hr\/en\/wp-json\/wp\/v2\/media\/11815"}],"wp:attachment":[{"href":"https:\/\/limunstudio.hr\/en\/wp-json\/wp\/v2\/media?parent=11954"}],"wp:term":[{"taxonomy":"product_brand","embeddable":true,"href":"https:\/\/limunstudio.hr\/en\/wp-json\/wp\/v2\/product_brand?post=11954"},{"taxonomy":"product_cat","embeddable":true,"href":"https:\/\/limunstudio.hr\/en\/wp-json\/wp\/v2\/product_cat?post=11954"},{"taxonomy":"product_tag","embeddable":true,"href":"https:\/\/limunstudio.hr\/en\/wp-json\/wp\/v2\/product_tag?post=11954"}],"curies":[{"name":"wp","href":"https:\/\/api.w.org\/{rel}","templated":true}]}}