{"id":11926,"date":"2026-03-24T13:54:19","date_gmt":"2026-03-24T13:54:19","guid":{"rendered":"https:\/\/limunstudio.hr\/?post_type=product&#038;p=11926"},"modified":"2026-04-21T11:53:50","modified_gmt":"2026-04-21T11:53:50","slug":"tanjur-mak-lila","status":"publish","type":"product","link":"https:\/\/limunstudio.hr\/en\/product\/tanjur-mak-lila\/","title":{"rendered":"Tanjur \u2014 MAK LILA"},"content":{"rendered":"","protected":false},"excerpt":{"rendered":"<p>Ru\u010dno izra\u0111eni tanjuri hrvatskog kipara. Svaki komad je unikatan, oblikovan s posebnom pa\u017enjom i umjetni\u010dkim pristupom. Dostupni u dvije dimenzije: mali i veliki tanjur. Zbog ru\u010dne izrade mogu\u0107a su manja odstupanja u detaljima. Proizvedeno u Hrvatskoj.<\/p>","protected":false},"featured_media":11824,"template":"","meta":{"_seopress_robots_primary_cat":"none","_seopress_titles_title":"","_seopress_titles_desc":"","_seopress_robots_index":"","iawp_total_views":0},"product_brand":[301],"product_cat":[148,160],"product_tag":[],"class_list":{"0":"post-11926","1":"product","2":"type-product","3":"status-publish","4":"has-post-thumbnail","6":"product_brand-mak","7":"product_cat-dom","8":"product_cat-t","9":"pa_autor-mak-melcher","11":"first","12":"instock","13":"taxable","14":"shipping-taxable","15":"purchasable","16":"product-type-variable"},"_links":{"self":[{"href":"https:\/\/limunstudio.hr\/en\/wp-json\/wp\/v2\/product\/11926","targetHints":{"allow":["GET"]}}],"collection":[{"href":"https:\/\/limunstudio.hr\/en\/wp-json\/wp\/v2\/product"}],"about":[{"href":"https:\/\/limunstudio.hr\/en\/wp-json\/wp\/v2\/types\/product"}],"version-history":[{"count":3,"href":"https:\/\/limunstudio.hr\/en\/wp-json\/wp\/v2\/product\/11926\/revisions"}],"predecessor-version":[{"id":13653,"href":"https:\/\/limunstudio.hr\/en\/wp-json\/wp\/v2\/product\/11926\/revisions\/13653"}],"wp:featuredmedia":[{"embeddable":true,"href":"https:\/\/limunstudio.hr\/en\/wp-json\/wp\/v2\/media\/11824"}],"wp:attachment":[{"href":"https:\/\/limunstudio.hr\/en\/wp-json\/wp\/v2\/media?parent=11926"}],"wp:term":[{"taxonomy":"product_brand","embeddable":true,"href":"https:\/\/limunstudio.hr\/en\/wp-json\/wp\/v2\/product_brand?post=11926"},{"taxonomy":"product_cat","embeddable":true,"href":"https:\/\/limunstudio.hr\/en\/wp-json\/wp\/v2\/product_cat?post=11926"},{"taxonomy":"product_tag","embeddable":true,"href":"https:\/\/limunstudio.hr\/en\/wp-json\/wp\/v2\/product_tag?post=11926"}],"curies":[{"name":"wp","href":"https:\/\/api.w.org\/{rel}","templated":true}]}}