{"id":11916,"date":"2026-03-24T13:49:44","date_gmt":"2026-03-24T13:49:44","guid":{"rendered":"https:\/\/limunstudio.hr\/?post_type=product&#038;p=11916"},"modified":"2026-04-21T08:12:35","modified_gmt":"2026-04-21T08:12:35","slug":"tanjur-set-6-zdjelica-2","status":"publish","type":"product","link":"https:\/\/limunstudio.hr\/en\/product\/tanjur-set-6-zdjelica-2\/","title":{"rendered":"Tanjur set 6 zdjelica \u2014 2"},"content":{"rendered":"","protected":false},"excerpt":{"rendered":"<p>Ru\u010dno izra\u0111eni kerami\u010dki set za poslu\u017eivanje. Unikatan komad, proizvedeno u Hrvatskoj.<\/p>","protected":false},"featured_media":11840,"template":"","meta":{"_seopress_robots_primary_cat":"none","_seopress_titles_title":"","_seopress_titles_desc":"","_seopress_robots_index":"","iawp_total_views":2},"product_brand":[340],"product_cat":[162,148,155,160],"product_tag":[],"class_list":{"0":"post-11916","1":"product","2":"type-product","3":"status-publish","4":"has-post-thumbnail","6":"product_brand-editammyh","7":"product_cat-daske-i-pladnjevi","8":"product_cat-dom","9":"product_cat-kuhinja","10":"product_cat-t","12":"first","13":"instock","14":"sold-individually","15":"taxable","16":"shipping-taxable","17":"purchasable","18":"product-type-simple"},"_links":{"self":[{"href":"https:\/\/limunstudio.hr\/en\/wp-json\/wp\/v2\/product\/11916","targetHints":{"allow":["GET"]}}],"collection":[{"href":"https:\/\/limunstudio.hr\/en\/wp-json\/wp\/v2\/product"}],"about":[{"href":"https:\/\/limunstudio.hr\/en\/wp-json\/wp\/v2\/types\/product"}],"version-history":[{"count":2,"href":"https:\/\/limunstudio.hr\/en\/wp-json\/wp\/v2\/product\/11916\/revisions"}],"predecessor-version":[{"id":12548,"href":"https:\/\/limunstudio.hr\/en\/wp-json\/wp\/v2\/product\/11916\/revisions\/12548"}],"wp:featuredmedia":[{"embeddable":true,"href":"https:\/\/limunstudio.hr\/en\/wp-json\/wp\/v2\/media\/11840"}],"wp:attachment":[{"href":"https:\/\/limunstudio.hr\/en\/wp-json\/wp\/v2\/media?parent=11916"}],"wp:term":[{"taxonomy":"product_brand","embeddable":true,"href":"https:\/\/limunstudio.hr\/en\/wp-json\/wp\/v2\/product_brand?post=11916"},{"taxonomy":"product_cat","embeddable":true,"href":"https:\/\/limunstudio.hr\/en\/wp-json\/wp\/v2\/product_cat?post=11916"},{"taxonomy":"product_tag","embeddable":true,"href":"https:\/\/limunstudio.hr\/en\/wp-json\/wp\/v2\/product_tag?post=11916"}],"curies":[{"name":"wp","href":"https:\/\/api.w.org\/{rel}","templated":true}]}}