{"id":11908,"date":"2026-03-24T13:45:17","date_gmt":"2026-03-24T13:45:17","guid":{"rendered":"https:\/\/limunstudio.hr\/?post_type=product&#038;p=11908"},"modified":"2026-04-22T07:46:24","modified_gmt":"2026-04-22T07:46:24","slug":"posuda-za-maslac-3","status":"publish","type":"product","link":"https:\/\/limunstudio.hr\/en\/product\/posuda-za-maslac-3\/","title":{"rendered":"Posuda za maslac \u2014 3"},"content":{"rendered":"","protected":false},"excerpt":{"rendered":"<p>Ru\u010dno izra\u0111ena kerami\u010dka posuda za maslac. Unikatan komad, proizvedeno u Hrvatskoj.<\/p>","protected":false},"featured_media":11830,"template":"","meta":{"_seopress_robots_primary_cat":"none","_seopress_titles_title":"","_seopress_titles_desc":"","_seopress_robots_index":"","iawp_total_views":0},"product_brand":[340],"product_cat":[148,155,163],"product_tag":[],"class_list":{"0":"post-11908","1":"product","2":"type-product","3":"status-publish","4":"has-post-thumbnail","6":"product_brand-editammyh","7":"product_cat-dom","8":"product_cat-kuhinja","9":"product_cat-posude-za-maslac","11":"first","12":"instock","13":"sold-individually","14":"taxable","15":"shipping-taxable","16":"purchasable","17":"product-type-simple"},"_links":{"self":[{"href":"https:\/\/limunstudio.hr\/en\/wp-json\/wp\/v2\/product\/11908","targetHints":{"allow":["GET"]}}],"collection":[{"href":"https:\/\/limunstudio.hr\/en\/wp-json\/wp\/v2\/product"}],"about":[{"href":"https:\/\/limunstudio.hr\/en\/wp-json\/wp\/v2\/types\/product"}],"version-history":[{"count":3,"href":"https:\/\/limunstudio.hr\/en\/wp-json\/wp\/v2\/product\/11908\/revisions"}],"predecessor-version":[{"id":13026,"href":"https:\/\/limunstudio.hr\/en\/wp-json\/wp\/v2\/product\/11908\/revisions\/13026"}],"wp:featuredmedia":[{"embeddable":true,"href":"https:\/\/limunstudio.hr\/en\/wp-json\/wp\/v2\/media\/11830"}],"wp:attachment":[{"href":"https:\/\/limunstudio.hr\/en\/wp-json\/wp\/v2\/media?parent=11908"}],"wp:term":[{"taxonomy":"product_brand","embeddable":true,"href":"https:\/\/limunstudio.hr\/en\/wp-json\/wp\/v2\/product_brand?post=11908"},{"taxonomy":"product_cat","embeddable":true,"href":"https:\/\/limunstudio.hr\/en\/wp-json\/wp\/v2\/product_cat?post=11908"},{"taxonomy":"product_tag","embeddable":true,"href":"https:\/\/limunstudio.hr\/en\/wp-json\/wp\/v2\/product_tag?post=11908"}],"curies":[{"name":"wp","href":"https:\/\/api.w.org\/{rel}","templated":true}]}}