{"id":11717,"date":"2026-03-21T21:55:46","date_gmt":"2026-03-21T21:55:46","guid":{"rendered":"https:\/\/limunstudio.hr\/?post_type=product&#038;p=11717"},"modified":"2026-04-25T14:05:08","modified_gmt":"2026-04-25T12:05:08","slug":"drveni-svijecnjak","status":"publish","type":"product","link":"https:\/\/limunstudio.hr\/en\/product\/drveni-svijecnjak\/","title":{"rendered":"Wooden candlestick \u2014 1"},"content":{"rendered":"","protected":false},"excerpt":{"rendered":"<p data-start=\"462\" data-end=\"683\">Ru\u010dno izra\u0111en drveni svije\u0107njak od oraha, proizveden u Hrvatskoj. Prirodni materijal i pa\u017eljiva obrada osiguravaju dugotrajnost i otpornost. Svaki komad je unikatan. Proizvod dolazi iz male radionice, gdje se njeguje tradicija ru\u010dne obrade drva i kvaliteta doma\u0107e proizvodnje.<\/p>","protected":false},"featured_media":12130,"template":"","meta":{"_seopress_robots_primary_cat":"none","_seopress_titles_title":"","_seopress_titles_desc":"","_seopress_robots_index":"","iawp_total_views":0},"product_brand":[395],"product_cat":[156,148,173],"product_tag":[],"class_list":{"0":"post-11717","1":"product","2":"type-product","3":"status-publish","4":"has-post-thumbnail","6":"product_brand-noma-wood","7":"product_cat-dekori-za-dom","8":"product_cat-dom","9":"product_cat-ukrasni-predmeti","11":"first","12":"instock","13":"sold-individually","14":"taxable","15":"shipping-taxable","16":"purchasable","17":"product-type-simple"},"_links":{"self":[{"href":"https:\/\/limunstudio.hr\/en\/wp-json\/wp\/v2\/product\/11717","targetHints":{"allow":["GET"]}}],"collection":[{"href":"https:\/\/limunstudio.hr\/en\/wp-json\/wp\/v2\/product"}],"about":[{"href":"https:\/\/limunstudio.hr\/en\/wp-json\/wp\/v2\/types\/product"}],"version-history":[{"count":3,"href":"https:\/\/limunstudio.hr\/en\/wp-json\/wp\/v2\/product\/11717\/revisions"}],"predecessor-version":[{"id":12272,"href":"https:\/\/limunstudio.hr\/en\/wp-json\/wp\/v2\/product\/11717\/revisions\/12272"}],"wp:featuredmedia":[{"embeddable":true,"href":"https:\/\/limunstudio.hr\/en\/wp-json\/wp\/v2\/media\/12130"}],"wp:attachment":[{"href":"https:\/\/limunstudio.hr\/en\/wp-json\/wp\/v2\/media?parent=11717"}],"wp:term":[{"taxonomy":"product_brand","embeddable":true,"href":"https:\/\/limunstudio.hr\/en\/wp-json\/wp\/v2\/product_brand?post=11717"},{"taxonomy":"product_cat","embeddable":true,"href":"https:\/\/limunstudio.hr\/en\/wp-json\/wp\/v2\/product_cat?post=11717"},{"taxonomy":"product_tag","embeddable":true,"href":"https:\/\/limunstudio.hr\/en\/wp-json\/wp\/v2\/product_tag?post=11717"}],"curies":[{"name":"wp","href":"https:\/\/api.w.org\/{rel}","templated":true}]}}