{"id":11625,"date":"2026-03-21T11:33:35","date_gmt":"2026-03-21T11:33:35","guid":{"rendered":"https:\/\/limunstudio.hr\/?post_type=product&#038;p=11625"},"modified":"2026-04-21T14:00:25","modified_gmt":"2026-04-21T14:00:25","slug":"galeb-u-okviru-roko","status":"publish","type":"product","link":"https:\/\/limunstudio.hr\/en\/product\/galeb-u-okviru-roko\/","title":{"rendered":"Galeb u okviru \u2014 Roko"},"content":{"rendered":"","protected":false},"excerpt":{"rendered":"<p>Ru\u010dno oslikani galeb na kerami\u010dkoj plo\u010dici unutar drvenog okvira. Opis teksta na pole\u0111ini: Roko \u2014 Veseljak, voli pismu i nikad ne fali na fe\u0161tama. Kad ga vidi\u0161, sigurno negdje nosi bocu vina u kljunu.<\/p>\n<p><strong data-start=\"449\" data-end=\"462\">Napomena:<\/strong><br data-start=\"462\" data-end=\"465\" \/>Zbog ru\u010dne izrade mogu\u0107e su manje razlike u detaljima.<\/p>\n<p>&nbsp;<\/p>","protected":false},"featured_media":11626,"template":"","meta":{"_seopress_robots_primary_cat":"none","_seopress_titles_title":"","_seopress_titles_desc":"","_seopress_robots_index":"","iawp_total_views":1},"product_brand":[346],"product_cat":[156,115,118,173,57],"product_tag":[],"class_list":{"0":"post-11625","1":"product","2":"type-product","3":"status-publish","4":"has-post-thumbnail","6":"product_brand-sestre","7":"product_cat-dekori-za-dom","8":"product_cat-originali","9":"product_cat-ukrasi-za-zid","10":"product_cat-ukrasni-predmeti","11":"product_cat-zidni-dekor","13":"first","14":"instock","15":"featured","16":"taxable","17":"shipping-taxable","18":"purchasable","19":"product-type-simple"},"_links":{"self":[{"href":"https:\/\/limunstudio.hr\/en\/wp-json\/wp\/v2\/product\/11625","targetHints":{"allow":["GET"]}}],"collection":[{"href":"https:\/\/limunstudio.hr\/en\/wp-json\/wp\/v2\/product"}],"about":[{"href":"https:\/\/limunstudio.hr\/en\/wp-json\/wp\/v2\/types\/product"}],"version-history":[{"count":1,"href":"https:\/\/limunstudio.hr\/en\/wp-json\/wp\/v2\/product\/11625\/revisions"}],"predecessor-version":[{"id":11627,"href":"https:\/\/limunstudio.hr\/en\/wp-json\/wp\/v2\/product\/11625\/revisions\/11627"}],"wp:featuredmedia":[{"embeddable":true,"href":"https:\/\/limunstudio.hr\/en\/wp-json\/wp\/v2\/media\/11626"}],"wp:attachment":[{"href":"https:\/\/limunstudio.hr\/en\/wp-json\/wp\/v2\/media?parent=11625"}],"wp:term":[{"taxonomy":"product_brand","embeddable":true,"href":"https:\/\/limunstudio.hr\/en\/wp-json\/wp\/v2\/product_brand?post=11625"},{"taxonomy":"product_cat","embeddable":true,"href":"https:\/\/limunstudio.hr\/en\/wp-json\/wp\/v2\/product_cat?post=11625"},{"taxonomy":"product_tag","embeddable":true,"href":"https:\/\/limunstudio.hr\/en\/wp-json\/wp\/v2\/product_tag?post=11625"}],"curies":[{"name":"wp","href":"https:\/\/api.w.org\/{rel}","templated":true}]}}