{"id":11622,"date":"2026-03-21T11:27:38","date_gmt":"2026-03-21T11:27:38","guid":{"rendered":"https:\/\/limunstudio.hr\/?post_type=product&#038;p=11622"},"modified":"2026-04-21T14:02:16","modified_gmt":"2026-04-21T14:02:16","slug":"galeb-u-okviru-mate","status":"publish","type":"product","link":"https:\/\/limunstudio.hr\/en\/product\/galeb-u-okviru-mate\/","title":{"rendered":"Galeb u okviru \u2014 Mate"},"content":{"rendered":"","protected":false},"excerpt":{"rendered":"<p>Ru\u010dno oslikani galeb na kerami\u010dkoj plo\u010dici unutar drvenog okvira. Opis teksta na pole\u0111ini: Mate \u2014 Miran i stalo\u017een, ali kad je u pitanju hrana, nitko ga ne mo\u017ee nadma\u0161it&#8217;. Brz je na &#8220;potegni i baci&#8221;, pogotovo ako su srdele u igri.<\/p>\n<p><strong data-start=\"449\" data-end=\"462\">Napomena:<\/strong><br data-start=\"462\" data-end=\"465\" \/>Zbog ru\u010dne izrade mogu\u0107e su manje razlike u detaljima.<\/p>\n<p>&nbsp;<\/p>","protected":false},"featured_media":11623,"template":"","meta":{"_seopress_robots_primary_cat":"none","_seopress_titles_title":"","_seopress_titles_desc":"","_seopress_robots_index":"","iawp_total_views":1},"product_brand":[346],"product_cat":[156,115,118,173,57],"product_tag":[],"class_list":{"0":"post-11622","1":"product","2":"type-product","3":"status-publish","4":"has-post-thumbnail","6":"product_brand-sestre","7":"product_cat-dekori-za-dom","8":"product_cat-originali","9":"product_cat-ukrasi-za-zid","10":"product_cat-ukrasni-predmeti","11":"product_cat-zidni-dekor","13":"first","14":"instock","15":"sold-individually","16":"taxable","17":"shipping-taxable","18":"purchasable","19":"product-type-simple"},"_links":{"self":[{"href":"https:\/\/limunstudio.hr\/en\/wp-json\/wp\/v2\/product\/11622","targetHints":{"allow":["GET"]}}],"collection":[{"href":"https:\/\/limunstudio.hr\/en\/wp-json\/wp\/v2\/product"}],"about":[{"href":"https:\/\/limunstudio.hr\/en\/wp-json\/wp\/v2\/types\/product"}],"version-history":[{"count":1,"href":"https:\/\/limunstudio.hr\/en\/wp-json\/wp\/v2\/product\/11622\/revisions"}],"predecessor-version":[{"id":11624,"href":"https:\/\/limunstudio.hr\/en\/wp-json\/wp\/v2\/product\/11622\/revisions\/11624"}],"wp:featuredmedia":[{"embeddable":true,"href":"https:\/\/limunstudio.hr\/en\/wp-json\/wp\/v2\/media\/11623"}],"wp:attachment":[{"href":"https:\/\/limunstudio.hr\/en\/wp-json\/wp\/v2\/media?parent=11622"}],"wp:term":[{"taxonomy":"product_brand","embeddable":true,"href":"https:\/\/limunstudio.hr\/en\/wp-json\/wp\/v2\/product_brand?post=11622"},{"taxonomy":"product_cat","embeddable":true,"href":"https:\/\/limunstudio.hr\/en\/wp-json\/wp\/v2\/product_cat?post=11622"},{"taxonomy":"product_tag","embeddable":true,"href":"https:\/\/limunstudio.hr\/en\/wp-json\/wp\/v2\/product_tag?post=11622"}],"curies":[{"name":"wp","href":"https:\/\/api.w.org\/{rel}","templated":true}]}}